{"id":3,"date":"2022-01-15T14:15:27","date_gmt":"2022-01-15T14:15:27","guid":{"rendered":"https:\/\/enderundoner.com\/?page_id=3"},"modified":"2023-03-17T10:19:24","modified_gmt":"2023-03-17T10:19:24","slug":"privacyverklaring","status":"publish","type":"page","link":"https:\/\/enderundoner.com\/de\/privacyverklaring\/","title":{"rendered":"Erkl\u00e4rung zum Datenschutz"},"content":{"rendered":"<div data-elementor-type=\"wp-page\" data-elementor-id=\"3\" class=\"elementor elementor-3\" data-elementor-post-type=\"page\">\n\t\t\t\t\t\t<section class=\"elementor-section elementor-top-section elementor-element elementor-element-2d2f561 elementor-section-height-min-height elementor-section-boxed elementor-section-height-default elementor-section-items-middle\" data-id=\"2d2f561\" data-element_type=\"section\" data-e-type=\"section\" data-settings=\"{&quot;background_background&quot;:&quot;classic&quot;}\">\n\t\t\t\t\t\t\t<div class=\"elementor-background-overlay\"><\/div>\n\t\t\t\t\t\t\t<div class=\"elementor-container elementor-column-gap-no\">\n\t\t\t\t\t<div class=\"elementor-column elementor-col-100 elementor-top-column elementor-element elementor-element-a8100bc\" data-id=\"a8100bc\" data-element_type=\"column\" data-e-type=\"column\">\n\t\t\t<div class=\"elementor-widget-wrap elementor-element-populated\">\n\t\t\t\t\t\t<div class=\"elementor-element elementor-element-b82dda9 elementor-widget-divider--view-line elementor-widget elementor-widget-divider\" data-id=\"b82dda9\" data-element_type=\"widget\" data-e-type=\"widget\" data-widget_type=\"divider.default\">\n\t\t\t\t<div class=\"elementor-widget-container\">\n\t\t\t\t\t\t\t<div class=\"elementor-divider\">\n\t\t\t<span class=\"elementor-divider-separator\">\n\t\t\t\t\t\t<\/span>\n\t\t<\/div>\n\t\t\t\t\t\t<\/div>\n\t\t\t\t<\/div>\n\t\t\t\t\t<\/div>\n\t\t<\/div>\n\t\t\t\t\t<\/div>\n\t\t<\/section>\n\t\t\t\t<section class=\"elementor-section elementor-top-section elementor-element elementor-element-36edf84 elementor-section-boxed elementor-section-height-default elementor-section-height-default\" data-id=\"36edf84\" data-element_type=\"section\" data-e-type=\"section\" data-settings=\"{&quot;background_background&quot;:&quot;classic&quot;}\">\n\t\t\t\t\t\t\t<div class=\"elementor-background-overlay\"><\/div>\n\t\t\t\t\t\t\t<div class=\"elementor-container elementor-column-gap-default\">\n\t\t\t\t\t<div class=\"elementor-column elementor-col-100 elementor-top-column elementor-element elementor-element-235b5938\" data-id=\"235b5938\" data-element_type=\"column\" data-e-type=\"column\">\n\t\t\t<div class=\"elementor-widget-wrap elementor-element-populated\">\n\t\t\t\t\t\t<div class=\"elementor-element elementor-element-b2731ac elementor-widget elementor-widget-heading\" data-id=\"b2731ac\" data-element_type=\"widget\" data-e-type=\"widget\" data-widget_type=\"heading.default\">\n\t\t\t\t<div class=\"elementor-widget-container\">\n\t\t\t\t\t<h2 class=\"elementor-heading-title elementor-size-default\">Datenschutzerkl\u00e4rung Enderun D\u00f6ner<\/h2>\t\t\t\t<\/div>\n\t\t\t\t<\/div>\n\t\t\t\t<div class=\"elementor-element elementor-element-162feb66 elementor-widget elementor-widget-text-editor\" data-id=\"162feb66\" data-element_type=\"widget\" data-e-type=\"widget\" data-widget_type=\"text-editor.default\">\n\t\t\t\t<div class=\"elementor-widget-container\">\n\t\t\t\t\t\t\t\t\t<p>Ihre Privatsph\u00e4re ist uns wichtig. Wir verwenden Ihre personenbezogenen Daten nur zur Verwaltung Ihres Kontos und um Sie \u00fcber unsere Produkte und Dienstleistungen zu informieren, sofern Sie Ihre Zustimmung gegeben haben. Wir legen gro\u00dfen Wert auf den Schutz, die Vertraulichkeit und die Integrit\u00e4t Ihrer personenbezogenen Daten. Daher halten wir uns an die Bestimmungen des Gesetzes zum Schutz personenbezogener Daten. In dieser Datenschutzerkl\u00e4rung erl\u00e4utern wir, welche personenbezogenen Daten wir erfassen, wenn Sie unsere Produkte und Dienstleistungen nutzen, warum wir diese Daten ben\u00f6tigen und wie wir sie verwenden.<\/p>\n<p><strong>Welche personenbezogenen Daten werden erhoben?<\/strong><br \/>Wir ben\u00f6tigen bestimmte personenbezogene Daten, um Ihnen einen besseren Service zu bieten und Sie \u00fcber unsere Produkte und Dienstleistungen zu informieren. Wenn Sie zum Beispiel \u00fcber das Kontaktformular mit uns Kontakt aufnehmen, verarbeiten wir die folgenden Daten:<\/p>\n<p>Name;<br \/>Unternehmen;<br \/>E-Mail;<br \/>Rufnummer;<br \/>Nachricht.<\/p>\n<p><strong>Wie verwenden wir Ihre personenbezogenen Daten?<\/strong><br \/>Wir verwenden Ihre personenbezogenen Daten nur f\u00fcr die Zwecke, f\u00fcr die sie erhoben wurden, und ggf. zur Erf\u00fcllung gesetzlicher Verpflichtungen.<br \/>Wir verwenden Ihre personenbezogenen Daten f\u00fcr die folgenden Zwecke:<\/p>\n<p><span style=\"text-decoration: underline;\">Praxis<\/span><br \/>Wir verwenden Ihre personenbezogenen Daten, um Sie (auf Ihren Wunsch hin) zu kontaktieren.<\/p>\n<p><span style=\"text-decoration: underline;\">Marketing<\/span><br \/>Wir m\u00f6chten Sie gerne per E-Mail, SMS oder \u00fcber andere elektronische Medien \u00fcber unsere Produkte und Dienstleistungen auf dem Laufenden halten. Sie haben das Recht, sich jederzeit von dieser Informationsbereitstellung abzumelden.<\/p>\n<p><span style=\"text-decoration: underline;\">Kommunikation<\/span><br \/>Wir verwenden Ihre Daten, um mit Ihnen im Zusammenhang mit unseren Dienstleistungen per E-Mail, Textnachrichten oder anderen elektronischen Medien zu kommunizieren. So erhalten Sie beispielsweise Angebote und Rechnungen von uns und wir k\u00f6nnen mit Ihnen kommunizieren, um Sie gegebenenfalls zur Teilnahme an Umfragen zur Kundenzufriedenheit einzuladen.<\/p>\n<p><strong>Verbesserung und Personalisierung unserer Produkte und Dienstleistungen<\/strong><br \/>Wir k\u00f6nnen Ihre pers\u00f6nlichen Daten verwenden, um unsere Produkte und Dienstleistungen zu verbessern. Das Verst\u00e4ndnis des Klickverhaltens, der Suchergebnisse auf unserer Website, der Besuchszeit auf verschiedenen Seiten unserer Website, des Internets der Website, von der Sie gekommen sind, kann uns zum Beispiel helfen, Priorit\u00e4ten zu setzen oder neue Produktfunktionen zu identifizieren.<\/p>\n<p><strong>Wartung, Entwicklung und St\u00f6rungsmanagement<\/strong><br \/>Wenn Sie Probleme mit einem unserer Produkte oder Dienstleistungen haben, m\u00fcssen wir m\u00f6glicherweise personenbezogene Daten wie Ihren Namen oder Ihre E-Mail-Adresse verarbeiten, um das betreffende Problem zu l\u00f6sen. Wir verarbeiten Ihre personenbezogenen Daten auch f\u00fcr einige interne Betriebsabl\u00e4ufe, z. B. wenn wir Kundendaten in eine neue Datenbank \u00fcbertragen.<\/p>\n<p><strong>Implementierung allgemeiner Gesch\u00e4ftsprozesse, internes Management und Management Reporting<\/strong><br \/>Zur Durchf\u00fchrung unserer Gesch\u00e4ftsaktivit\u00e4ten verwenden wir Ihre personenbezogenen Daten f\u00fcr allgemeine Gesch\u00e4ftsprozesse. Wir verarbeiten Ihre Daten zum Beispiel f\u00fcr die Archivierung, die Erstellung von Managementberichten und andere administrative Zwecke.<\/p>\n<p><strong>Mit wem teilen wir Ihre pers\u00f6nlichen Daten?<\/strong><br \/>Wir geben Ihre personenbezogenen Daten an Dritte weiter, z. B. an Gemeinden, Strafverfolgungsbeh\u00f6rden, E-Marketing. Wir teilen Ihre Daten:<br \/>- Soweit dies zur Durchf\u00fchrung unserer Gesch\u00e4ftst\u00e4tigkeit oder zur Erbringung unserer Dienstleistungen erforderlich ist.<br \/>- In F\u00e4llen, in denen Sie uns ausdr\u00fccklich die Erlaubnis dazu erteilt haben<br \/>- Wenn wir im Rahmen der Strafverfolgung rechtm\u00e4\u00dfig dazu aufgefordert werden, z. B. um illegale Aktivit\u00e4ten zu untersuchen;<br \/>- Zur Durchsetzung unserer Vereinbarung mit Ihnen, wo dies angemessen ist. Wenn Sie zum Beispiel Ihre Rechnungen nicht bezahlt haben, k\u00f6nnen wir Ihre Daten an ein Inkassob\u00fcro weitergeben;<br \/>- Um unsere Rechte gegen\u00fcber Dritten durchzusetzen oder uns gegen Anspr\u00fcche oder Anschuldigungen Dritter zu verteidigen;<br \/>- Um die Sicherheit, die Integrit\u00e4t und den Schutz unserer Dienste zu gew\u00e4hrleisten.<br \/>Die Weitergabe von Daten innerhalb unseres Unternehmens erfolgt ausschlie\u00dflich zum Zweck unserer gesch\u00e4ftlichen Aktivit\u00e4ten, unserer Dienstleistungen f\u00fcr Sie und wie in dieser Datenschutzerkl\u00e4rung beschrieben.<\/p>\n<p><strong>Wo werden Ihre personenbezogenen Daten verarbeitet?<\/strong><br \/>Ihre pers\u00f6nlichen Daten werden nicht auf der Website gespeichert werden, sondern an unsere Mail von der Website gesendet. Ihre pers\u00f6nlichen Daten werden nur von Mitarbeitern unseres Unternehmens verarbeitet werden, in einer Datenbank verarbeitet werden, f\u00fcr die Durchf\u00fchrung des Abkommens und f\u00fcr die \u00f6ffentliche Zuschreibung aus dem entsprechenden Register verwendet.<\/p>\n<p><strong>Wie lange bewahren wir Ihre personenbezogenen Daten auf?<\/strong><br \/>Wir bewahren Ihre personenbezogenen Daten nur so lange auf, wie sie f\u00fcr die Zwecke, f\u00fcr die sie erhoben oder verwendet wurden, ben\u00f6tigt werden, und\/oder so lange, wie dies gesetzlich vorgeschrieben ist.<br \/>Sollten Sie w\u00fcnschen, dass Ihre personenbezogenen Daten bei uns gel\u00f6scht werden, wenden Sie sich bitte an uns. Daraufhin werden wir Ihre personenbezogenen Daten unverz\u00fcglich l\u00f6schen, allerdings mit Ausnahme der Informationen, zu deren Aufbewahrung wir gesetzlich verpflichtet sind. So sind wir zum Beispiel gesetzlich verpflichtet, Daten wie Rechnungskopien sieben Jahre lang aufzubewahren.<\/p>\n<p><strong>Rechtsgrundlage f\u00fcr die Datenverarbeitung<\/strong><br \/>Wir erheben und verarbeiten Ihre personenbezogenen Daten nur, wenn wir eine rechtliche Grundlage daf\u00fcr haben. Es gelten die folgenden Grundlagen:<br \/>- Die Verarbeitung ist f\u00fcr die Erf\u00fcllung Ihres Vertrags erforderlich;<br \/>- Die Verarbeitung ist zur Verfolgung unserer berechtigten Gesch\u00e4ftsinteressen erforderlich, zum Beispiel<br \/>(i) zum Zweck der Durchf\u00fchrung unserer gesch\u00e4ftlichen Aktivit\u00e4ten;<br \/>(ii) f\u00fcr bestimmte Formen der Direktwerbung und des Profilings;<br \/>(iii) um Informationen \u00fcber Ihr Konto zu archivieren;<br \/>(iv) um Betrug oder Missbrauch unserer Dienste aufzudecken oder zu verhindern; oder<br \/>(v) zum Zweck der Sicherung unseres Netzes und unserer Systeme.<br \/>Die Verarbeitung ist erforderlich, um einer rechtlichen Verpflichtung nachzukommen, z. B. der Verpflichtung zur Aufbewahrung von Verwaltungsdaten oder zur Weitergabe bestimmter Informationen f\u00fcr strafrechtliche Ermittlungen aufgrund einer polizeilichen Anordnung.<\/p>\n<p><strong>Wenn Sie uns Ihre ausdr\u00fcckliche Zustimmung zu einer Verarbeitung gegeben haben<\/strong><br \/>Beruht die Verarbeitung auf einer Einwilligung, haben Sie das Recht, Ihre Einwilligung jederzeit zu widerrufen. In diesem Fall werden wir die entsprechende Verarbeitung Ihrer Daten beenden. Durch den Widerruf der Einwilligung wird die Rechtm\u00e4\u00dfigkeit der aufgrund der Einwilligung bis zum Widerruf erfolgten Verarbeitung nicht ber\u00fchrt.<\/p>\n<p><strong>Fragen und Beschwerden<\/strong><br \/>Wenn Sie Fragen zur Verwendung Ihrer pers\u00f6nlichen Daten haben, wenden Sie sich bitte an <a href=\"https:\/\/enderundoner.com\/de\/contact\/\">Kontakt<\/a> Kontaktieren Sie uns. Wenn Sie das Gef\u00fchl haben, dass ein Problem nicht angemessen behandelt wurde, haben Sie auch das Recht, eine Beschwerde bei der Beh\u00f6rde f\u00fcr personenbezogene Daten einzureichen.<\/p>\n<p>Wir behalten uns das Recht vor, diese Erkl\u00e4rung zum Datenschutz jederzeit zu \u00e4ndern. M\u00f6chten Sie wissen, welche Daten wir \u00fcber Sie in unserer Datenbank gespeichert haben? Dann wenden Sie sich bitte an 085 877 0355.<\/p>\n<p><strong>Cookie-Anweisung<\/strong><br \/>Unsere Website verwendet \"Cookies\". Cookies sind kleine Dateien, die unsere Website auf Ihrer Festplatte ablegt. Diese Cookies geben unter anderem Aufschluss \u00fcber die Besucherzahlen und das Surfverhalten. Wir verwenden diese anonymen Daten zur Verbesserung der Website und zur Personalisierung der angebotenen Dienste.<\/p>\t\t\t\t\t\t\t\t<\/div>\n\t\t\t\t<\/div>\n\t\t\t\t\t<\/div>\n\t\t<\/div>\n\t\t\t\t\t<\/div>\n\t\t<\/section>\n\t\t\t\t<\/div>","protected":false},"excerpt":{"rendered":"<p>Privacyverklaring Enderun D\u00f6ner Jouw privacy is belangrijk voor ons. We gebruiken jouw persoonsgegevens uitsluitend om je account te beheren en om je te informeren over onze producten en diensten, voor zover je hiertoe toestemming hebt verleend. We hechten veel waarde aan de bescherming, vertrouwelijkheid en integriteit van jouw persoonsgegevens. Wij voldoen dan ook aan de [&hellip;]<\/p>\n","protected":false},"author":3,"featured_media":0,"parent":0,"menu_order":6,"comment_status":"closed","ping_status":"closed","template":"elementor_header_footer","meta":{"footnotes":""},"class_list":["post-3","page","type-page","status-publish","hentry"],"_links":{"self":[{"href":"https:\/\/enderundoner.com\/de\/wp-json\/wp\/v2\/pages\/3","targetHints":{"allow":["GET"]}}],"collection":[{"href":"https:\/\/enderundoner.com\/de\/wp-json\/wp\/v2\/pages"}],"about":[{"href":"https:\/\/enderundoner.com\/de\/wp-json\/wp\/v2\/types\/page"}],"author":[{"embeddable":true,"href":"https:\/\/enderundoner.com\/de\/wp-json\/wp\/v2\/users\/3"}],"replies":[{"embeddable":true,"href":"https:\/\/enderundoner.com\/de\/wp-json\/wp\/v2\/comments?post=3"}],"version-history":[{"count":0,"href":"https:\/\/enderundoner.com\/de\/wp-json\/wp\/v2\/pages\/3\/revisions"}],"wp:attachment":[{"href":"https:\/\/enderundoner.com\/de\/wp-json\/wp\/v2\/media?parent=3"}],"curies":[{"name":"wp","href":"https:\/\/api.w.org\/{rel}","templated":true}]}}