{"id":2705,"date":"2023-01-21T14:22:30","date_gmt":"2023-01-21T14:22:30","guid":{"rendered":"https:\/\/enderundoner.com\/?post_type=product&#038;p=2705"},"modified":"2024-10-07T05:46:35","modified_gmt":"2024-10-07T05:46:35","slug":"kiyma-doner-esmer","status":"publish","type":"product","link":"https:\/\/enderundoner.com\/de\/product\/kiyma-doner-esmer\/","title":{"rendered":"Kiyma D\u00f6ner Esmer"},"content":{"rendered":"<p>Kiyma D\u00f6ner Esmer<br \/>\nEnth\u00e4lt Rindfleisch und Putenfleisch<br \/>\nGewicht: 10 - 40 kg<br \/>\nVerwendung: bis zu 12 Monate nach der Herstellung<\/p>","protected":false},"excerpt":{"rendered":"<p>Lassen Sie sich von den k\u00f6stlichen Aromen unseres D\u00f6ner Kebab \u00fcberraschen! Wir wissen besser als jeder andere, wie wichtig die Qualit\u00e4t von D\u00f6nerprodukten ist. Deshalb f\u00fchren wir eine gr\u00fcndliche und strenge Qualit\u00e4tskontrolle durch, bevor unser D\u00f6ner versandt wird. F\u00fcr uns gibt es nichts Wichtigeres als den besten Geschmack und die beste Qualit\u00e4t!<\/p>","protected":false},"featured_media":3084,"template":"","meta":[],"product_brand":[],"product_cat":[33],"product_tag":[],"class_list":{"0":"post-2705","1":"product","2":"type-product","3":"status-publish","4":"has-post-thumbnail","6":"product_cat-doner-kebab","8":"first","9":"instock","10":"taxable","11":"shipping-taxable","12":"product-type-simple"},"_links":{"self":[{"href":"https:\/\/enderundoner.com\/de\/wp-json\/wp\/v2\/product\/2705","targetHints":{"allow":["GET"]}}],"collection":[{"href":"https:\/\/enderundoner.com\/de\/wp-json\/wp\/v2\/product"}],"about":[{"href":"https:\/\/enderundoner.com\/de\/wp-json\/wp\/v2\/types\/product"}],"version-history":[{"count":0,"href":"https:\/\/enderundoner.com\/de\/wp-json\/wp\/v2\/product\/2705\/revisions"}],"wp:featuredmedia":[{"embeddable":true,"href":"https:\/\/enderundoner.com\/de\/wp-json\/wp\/v2\/media\/3084"}],"wp:attachment":[{"href":"https:\/\/enderundoner.com\/de\/wp-json\/wp\/v2\/media?parent=2705"}],"wp:term":[{"taxonomy":"product_brand","embeddable":true,"href":"https:\/\/enderundoner.com\/de\/wp-json\/wp\/v2\/product_brand?post=2705"},{"taxonomy":"product_cat","embeddable":true,"href":"https:\/\/enderundoner.com\/de\/wp-json\/wp\/v2\/product_cat?post=2705"},{"taxonomy":"product_tag","embeddable":true,"href":"https:\/\/enderundoner.com\/de\/wp-json\/wp\/v2\/product_tag?post=2705"}],"curies":[{"name":"wp","href":"https:\/\/api.w.org\/{rel}","templated":true}]}}