{"id":2714,"date":"2023-01-21T14:36:47","date_gmt":"2023-01-21T14:36:47","guid":{"rendered":"https:\/\/enderundoner.com\/?post_type=product&#038;p=2714"},"modified":"2024-10-07T05:46:35","modified_gmt":"2024-10-07T05:46:35","slug":"lahmacun-turkse-pizza","status":"publish","type":"product","link":"https:\/\/enderundoner.com\/de\/product\/lahmacun-turkse-pizza\/","title":{"rendered":"Lahmacun T\u00fcrkische Pizza"},"content":{"rendered":"<p>Lahmacun T\u00fcrkische Pizza<\/p>\n<p>Enth\u00e4lt 70% Rinderhackfleisch<\/p>\n<p>Inhalt: 60 St\u00fcck pro Karton<\/p>\n<p>Verwendung: bis zu 12 Monate nach der Herstellung<\/p>","protected":false},"excerpt":{"rendered":"<p>Eine t\u00fcrkische Pizza besteht aus einem d\u00fcnnen Teigboden, der mit einer w\u00fcrzigen roten So\u00dfe und Lamm- oder Rinderhackfleisch belegt wird. Die Mischung besteht aus w\u00fcrzigem Hackfleisch, Zwiebeln, frischen Tomaten, Petersilie und scharfen Paprikaschoten. Der Boden \u00e4hnelt einer Pizza, ist aber viel d\u00fcnner und die Lahmacun wird nicht mit K\u00e4se belegt. Eine t\u00fcrkische Pizza kann aufgerollt wie ein Wrap gegessen oder in kleinere St\u00fccke geschnitten und als Teller serviert werden. Unsere t\u00fcrkischen Pizzen werden t\u00e4glich frisch zubereitet und sind k\u00f6stlich! M\u00f6chten Sie Lahmacun bestellen? Dann nehmen Sie Kontakt mit uns auf.<\/p>","protected":false},"featured_media":3126,"template":"","meta":[],"product_brand":[],"product_cat":[31],"product_tag":[],"class_list":{"0":"post-2714","1":"product","2":"type-product","3":"status-publish","4":"has-post-thumbnail","6":"product_cat-brood-lahmacun","8":"first","9":"instock","10":"taxable","11":"shipping-taxable","12":"product-type-external"},"_links":{"self":[{"href":"https:\/\/enderundoner.com\/de\/wp-json\/wp\/v2\/product\/2714","targetHints":{"allow":["GET"]}}],"collection":[{"href":"https:\/\/enderundoner.com\/de\/wp-json\/wp\/v2\/product"}],"about":[{"href":"https:\/\/enderundoner.com\/de\/wp-json\/wp\/v2\/types\/product"}],"version-history":[{"count":0,"href":"https:\/\/enderundoner.com\/de\/wp-json\/wp\/v2\/product\/2714\/revisions"}],"wp:featuredmedia":[{"embeddable":true,"href":"https:\/\/enderundoner.com\/de\/wp-json\/wp\/v2\/media\/3126"}],"wp:attachment":[{"href":"https:\/\/enderundoner.com\/de\/wp-json\/wp\/v2\/media?parent=2714"}],"wp:term":[{"taxonomy":"product_brand","embeddable":true,"href":"https:\/\/enderundoner.com\/de\/wp-json\/wp\/v2\/product_brand?post=2714"},{"taxonomy":"product_cat","embeddable":true,"href":"https:\/\/enderundoner.com\/de\/wp-json\/wp\/v2\/product_cat?post=2714"},{"taxonomy":"product_tag","embeddable":true,"href":"https:\/\/enderundoner.com\/de\/wp-json\/wp\/v2\/product_tag?post=2714"}],"curies":[{"name":"wp","href":"https:\/\/api.w.org\/{rel}","templated":true}]}}