{"id":2793,"date":"2023-01-27T07:16:48","date_gmt":"2023-01-27T07:16:48","guid":{"rendered":"https:\/\/enderundoner.com\/?post_type=product&#038;p=2793"},"modified":"2024-10-07T05:46:34","modified_gmt":"2024-10-07T05:46:34","slug":"enderun-gesneden-kalf-doner","status":"publish","type":"product","link":"https:\/\/enderundoner.com\/de\/product\/enderun-gesneden-kalf-doner\/","title":{"rendered":"Kalbfleisch-D\u00f6ner in Scheiben (Kesik D\u00f6ner)"},"content":{"rendered":"<p>Kalbfleisch-D\u00f6ner in Scheiben (Kesik D\u00f6ner)<\/p>\n<p>2 x 2 kg Schalen pro Karton<\/p>","protected":false},"excerpt":{"rendered":"<p>Kalbfleischd\u00f6ner in Scheiben (Kesik D\u00f6ner) 2 x 2 kg Schalen pro Karton<\/p>","protected":false},"featured_media":3572,"template":"","meta":[],"product_brand":[],"product_cat":[29],"product_tag":[],"class_list":{"0":"post-2793","1":"product","2":"type-product","3":"status-publish","4":"has-post-thumbnail","6":"product_cat-stukjes-vlees","8":"first","9":"instock","10":"taxable","11":"shipping-taxable","12":"product-type-external"},"_links":{"self":[{"href":"https:\/\/enderundoner.com\/de\/wp-json\/wp\/v2\/product\/2793","targetHints":{"allow":["GET"]}}],"collection":[{"href":"https:\/\/enderundoner.com\/de\/wp-json\/wp\/v2\/product"}],"about":[{"href":"https:\/\/enderundoner.com\/de\/wp-json\/wp\/v2\/types\/product"}],"version-history":[{"count":0,"href":"https:\/\/enderundoner.com\/de\/wp-json\/wp\/v2\/product\/2793\/revisions"}],"wp:featuredmedia":[{"embeddable":true,"href":"https:\/\/enderundoner.com\/de\/wp-json\/wp\/v2\/media\/3572"}],"wp:attachment":[{"href":"https:\/\/enderundoner.com\/de\/wp-json\/wp\/v2\/media?parent=2793"}],"wp:term":[{"taxonomy":"product_brand","embeddable":true,"href":"https:\/\/enderundoner.com\/de\/wp-json\/wp\/v2\/product_brand?post=2793"},{"taxonomy":"product_cat","embeddable":true,"href":"https:\/\/enderundoner.com\/de\/wp-json\/wp\/v2\/product_cat?post=2793"},{"taxonomy":"product_tag","embeddable":true,"href":"https:\/\/enderundoner.com\/de\/wp-json\/wp\/v2\/product_tag?post=2793"}],"curies":[{"name":"wp","href":"https:\/\/api.w.org\/{rel}","templated":true}]}}