{"id":3160,"date":"2023-02-21T07:28:56","date_gmt":"2023-02-21T07:28:56","guid":{"rendered":"https:\/\/enderundoner.com\/?post_type=product&#038;p=3160"},"modified":"2024-10-07T05:46:33","modified_gmt":"2024-10-07T05:46:33","slug":"tandir-mes-120-op-batterijen","status":"publish","type":"product","link":"https:\/\/enderundoner.com\/de\/product\/tandir-mes-120-op-batterijen\/","title":{"rendered":"Batterie betriebenes elektrisches Spendemesser Tandir 120"},"content":{"rendered":"<p><strong>Beschreibung:<\/strong><\/p>\n<p>Tandir Knife 120 mit 12 cm Klingendurchmesser mit 14,4 V Batterien<br \/>\nBatteriekapazit\u00e4t 15-20 kg Fleisch<br \/>\nEinstellbare Schnitttiefe von 0 bis 10 mm<br \/>\nT\u00e4gliche Kapazit\u00e4t: 80 kg<br \/>\nCE-gepr\u00fcft<\/p>\n<p><strong>Die Lieferung umfasst:<\/strong><\/p>\n<p>Tandir-Messer 120<br \/>\nZwei Batterien<br \/>\nLadeger\u00e4t<br \/>\nRundes Messer (glatt)<br \/>\nRundes Messer (gezahnt)<br \/>\nSchleifblock<br \/>\nErsatzschraube f\u00fcr die Klinge<br \/>\nErsatz-Schieberegler<br \/>\nAusf\u00fchrliche Betriebsanleitung<br \/>\nGewicht des Lieferumfangs: 3,2 kg<\/p>","protected":false},"excerpt":{"rendered":"<p>Geeignet f\u00fcr D\u00f6nerspie\u00df ab 20 kg<\/p>","protected":false},"featured_media":3153,"template":"","meta":[],"product_brand":[],"product_cat":[45],"product_tag":[],"class_list":{"0":"post-3160","1":"product","2":"type-product","3":"status-publish","4":"has-post-thumbnail","6":"product_cat-donermes-elektrisch","7":"product_shipping_class-donermes-verzendkosten","9":"first","10":"instock","11":"taxable","12":"shipping-taxable","13":"purchasable","14":"product-type-simple"},"_links":{"self":[{"href":"https:\/\/enderundoner.com\/de\/wp-json\/wp\/v2\/product\/3160","targetHints":{"allow":["GET"]}}],"collection":[{"href":"https:\/\/enderundoner.com\/de\/wp-json\/wp\/v2\/product"}],"about":[{"href":"https:\/\/enderundoner.com\/de\/wp-json\/wp\/v2\/types\/product"}],"version-history":[{"count":0,"href":"https:\/\/enderundoner.com\/de\/wp-json\/wp\/v2\/product\/3160\/revisions"}],"wp:featuredmedia":[{"embeddable":true,"href":"https:\/\/enderundoner.com\/de\/wp-json\/wp\/v2\/media\/3153"}],"wp:attachment":[{"href":"https:\/\/enderundoner.com\/de\/wp-json\/wp\/v2\/media?parent=3160"}],"wp:term":[{"taxonomy":"product_brand","embeddable":true,"href":"https:\/\/enderundoner.com\/de\/wp-json\/wp\/v2\/product_brand?post=3160"},{"taxonomy":"product_cat","embeddable":true,"href":"https:\/\/enderundoner.com\/de\/wp-json\/wp\/v2\/product_cat?post=3160"},{"taxonomy":"product_tag","embeddable":true,"href":"https:\/\/enderundoner.com\/de\/wp-json\/wp\/v2\/product_tag?post=3160"}],"curies":[{"name":"wp","href":"https:\/\/api.w.org\/{rel}","templated":true}]}}