{"id":3,"date":"2022-01-15T14:15:27","date_gmt":"2022-01-15T14:15:27","guid":{"rendered":"https:\/\/enderundoner.com\/?page_id=3"},"modified":"2023-03-17T10:19:24","modified_gmt":"2023-03-17T10:19:24","slug":"privacyverklaring","status":"publish","type":"page","link":"https:\/\/enderundoner.com\/fr\/privacyverklaring\/","title":{"rendered":"D\u00e9claration de confidentialit\u00e9"},"content":{"rendered":"<div data-elementor-type=\"wp-page\" data-elementor-id=\"3\" class=\"elementor elementor-3\" data-elementor-post-type=\"page\">\n\t\t\t\t\t\t<section class=\"elementor-section elementor-top-section elementor-element elementor-element-2d2f561 elementor-section-height-min-height elementor-section-boxed elementor-section-height-default elementor-section-items-middle\" data-id=\"2d2f561\" data-element_type=\"section\" data-e-type=\"section\" data-settings=\"{&quot;background_background&quot;:&quot;classic&quot;}\">\n\t\t\t\t\t\t\t<div class=\"elementor-background-overlay\"><\/div>\n\t\t\t\t\t\t\t<div class=\"elementor-container elementor-column-gap-no\">\n\t\t\t\t\t<div class=\"elementor-column elementor-col-100 elementor-top-column elementor-element elementor-element-a8100bc\" data-id=\"a8100bc\" data-element_type=\"column\" data-e-type=\"column\">\n\t\t\t<div class=\"elementor-widget-wrap elementor-element-populated\">\n\t\t\t\t\t\t<div class=\"elementor-element elementor-element-b82dda9 elementor-widget-divider--view-line elementor-widget elementor-widget-divider\" data-id=\"b82dda9\" data-element_type=\"widget\" data-e-type=\"widget\" data-widget_type=\"divider.default\">\n\t\t\t\t<div class=\"elementor-widget-container\">\n\t\t\t\t\t\t\t<div class=\"elementor-divider\">\n\t\t\t<span class=\"elementor-divider-separator\">\n\t\t\t\t\t\t<\/span>\n\t\t<\/div>\n\t\t\t\t\t\t<\/div>\n\t\t\t\t<\/div>\n\t\t\t\t\t<\/div>\n\t\t<\/div>\n\t\t\t\t\t<\/div>\n\t\t<\/section>\n\t\t\t\t<section class=\"elementor-section elementor-top-section elementor-element elementor-element-36edf84 elementor-section-boxed elementor-section-height-default elementor-section-height-default\" data-id=\"36edf84\" data-element_type=\"section\" data-e-type=\"section\" data-settings=\"{&quot;background_background&quot;:&quot;classic&quot;}\">\n\t\t\t\t\t\t\t<div class=\"elementor-background-overlay\"><\/div>\n\t\t\t\t\t\t\t<div class=\"elementor-container elementor-column-gap-default\">\n\t\t\t\t\t<div class=\"elementor-column elementor-col-100 elementor-top-column elementor-element elementor-element-235b5938\" data-id=\"235b5938\" data-element_type=\"column\" data-e-type=\"column\">\n\t\t\t<div class=\"elementor-widget-wrap elementor-element-populated\">\n\t\t\t\t\t\t<div class=\"elementor-element elementor-element-b2731ac elementor-widget elementor-widget-heading\" data-id=\"b2731ac\" data-element_type=\"widget\" data-e-type=\"widget\" data-widget_type=\"heading.default\">\n\t\t\t\t<div class=\"elementor-widget-container\">\n\t\t\t\t\t<h2 class=\"elementor-heading-title elementor-size-default\">D\u00e9claration de confidentialit\u00e9 Enderun D\u00f6ner<\/h2>\t\t\t\t<\/div>\n\t\t\t\t<\/div>\n\t\t\t\t<div class=\"elementor-element elementor-element-162feb66 elementor-widget elementor-widget-text-editor\" data-id=\"162feb66\" data-element_type=\"widget\" data-e-type=\"widget\" data-widget_type=\"text-editor.default\">\n\t\t\t\t<div class=\"elementor-widget-container\">\n\t\t\t\t\t\t\t\t\t<p>Votre vie priv\u00e9e est importante pour nous. Nous n'utilisons vos donn\u00e9es personnelles que pour g\u00e9rer votre compte et vous informer sur nos produits et services, lorsque vous avez donn\u00e9 votre accord. Nous attachons une grande importance \u00e0 la protection, \u00e0 la confidentialit\u00e9 et \u00e0 l'int\u00e9grit\u00e9 de vos donn\u00e9es personnelles. Nous nous conformons donc aux dispositions de la loi sur la protection des donn\u00e9es \u00e0 caract\u00e8re personnel. Dans cette d\u00e9claration de confidentialit\u00e9, nous expliquons quelles donn\u00e9es personnelles nous collectons lorsque vous utilisez nos produits et services, pourquoi nous avons besoin de ces donn\u00e9es et comment nous les utilisons.<\/p>\n<p><strong>Quelles sont les donn\u00e9es personnelles collect\u00e9es ?<\/strong><br \/>Nous avons besoin de certaines donn\u00e9es personnelles pour vous fournir de meilleurs services et vous informer sur nos produits et services. Par exemple, si vous nous contactez via le formulaire de contact, nous traitons les donn\u00e9es suivantes :<\/p>\n<p>Nom ;<br \/>Entreprise ;<br \/>E-mail ;<br \/>Num\u00e9ro de t\u00e9l\u00e9phone ;<br \/>Message.<\/p>\n<p><strong>Comment utilisons-nous vos donn\u00e9es personnelles ?<\/strong><br \/>Nous utilisons vos donn\u00e9es personnelles uniquement aux fins pour lesquelles elles ont \u00e9t\u00e9 collect\u00e9es et, le cas \u00e9ch\u00e9ant, pour nous conformer aux obligations l\u00e9gales.<br \/>Nous utilisons vos donn\u00e9es personnelles aux fins suivantes :<\/p>\n<p><span style=\"text-decoration: underline;\">Pratique<\/span><br \/>Nous utiliserons vos donn\u00e9es personnelles pour vous contacter (\u00e0 votre demande).<\/p>\n<p><span style=\"text-decoration: underline;\">Marketing<\/span><br \/>Nous souhaitons vous informer sur nos produits et services par e-mail, SMS ou autres m\u00e9dias \u00e9lectroniques. Vous avez le droit de vous d\u00e9sabonner \u00e0 tout moment de ce service d'information.<\/p>\n<p><span style=\"text-decoration: underline;\">Communications<\/span><br \/>Nous utilisons vos donn\u00e9es pour communiquer avec vous dans le cadre de nos services par courrier \u00e9lectronique, messages texte ou autres m\u00e9dias \u00e9lectroniques. Par exemple, vous recevrez des devis et des factures de notre part et nous pourrons communiquer avec vous pour vous inviter \u00e0 participer \u00e0 des enqu\u00eates de satisfaction, si n\u00e9cessaire.<\/p>\n<p><strong>Am\u00e9lioration et personnalisation de nos produits et services<\/strong><br \/>Nous pouvons utiliser vos donn\u00e9es personnelles pour am\u00e9liorer nos produits et services. Comprendre le comportement de clic, les r\u00e9sultats de recherche sur notre site web, le temps pass\u00e9 sur les diff\u00e9rentes pages de notre site web, l'internet du site web d'o\u00f9 vous venez, par exemple, peut nous aider \u00e0 \u00e9tablir des priorit\u00e9s ou \u00e0 identifier de nouvelles caract\u00e9ristiques de produits.<\/p>\n<p><strong>Maintenance, d\u00e9veloppement et gestion des incidents<\/strong><br \/>Si vous rencontrez des probl\u00e8mes avec l'un de nos produits ou services, il se peut que nous devions traiter des donn\u00e9es \u00e0 caract\u00e8re personnel, telles que votre nom ou votre adresse \u00e9lectronique, afin de r\u00e9soudre le probl\u00e8me en question. Nous traitons \u00e9galement vos donn\u00e9es \u00e0 caract\u00e8re personnel dans le cadre de certains processus op\u00e9rationnels internes, par exemple lorsque nous transf\u00e9rons des donn\u00e9es clients vers une nouvelle base de donn\u00e9es.<\/p>\n<p><strong>Mise en \u0153uvre des processus op\u00e9rationnels g\u00e9n\u00e9raux, de la gestion interne et des rapports de gestion<\/strong><br \/>Pour mener \u00e0 bien nos activit\u00e9s commerciales, nous utilisons vos donn\u00e9es \u00e0 caract\u00e8re personnel dans le cadre de processus commerciaux g\u00e9n\u00e9raux. Par exemple, nous traitons vos donn\u00e9es \u00e0 des fins d'archivage, d'\u00e9tablissement de rapports de gestion et \u00e0 d'autres fins administratives.<\/p>\n<p><strong>Avec qui partageons-nous vos donn\u00e9es personnelles ?<\/strong><br \/>Nous partageons vos donn\u00e9es personnelles avec des tiers tels que les municipalit\u00e9s, les forces de l'ordre, le marketing \u00e9lectronique. Nous partageons vos donn\u00e9es :<br \/>- Dans la mesure o\u00f9 cela est n\u00e9cessaire pour mener \u00e0 bien nos activit\u00e9s commerciales ou mettre en \u0153uvre nos services.<br \/>- Dans les cas o\u00f9 vous nous avez donn\u00e9 l'autorisation expresse de le faire<br \/>- si nous sommes l\u00e9galement tenus de le faire dans le cadre de l'application de la loi, par exemple pour enqu\u00eater sur des activit\u00e9s ill\u00e9gales ;<br \/>- Pour faire respecter notre accord avec vous, le cas \u00e9ch\u00e9ant. Par exemple, si vous n'avez pas pay\u00e9 vos factures, nous pouvons communiquer vos informations \u00e0 une agence de recouvrement ;<br \/>- faire valoir nos droits aupr\u00e8s de tiers ou nous d\u00e9fendre contre les r\u00e9clamations ou all\u00e9gations de tiers ;<br \/>- Assurer la s\u00e9curit\u00e9, l'int\u00e9grit\u00e9 et la protection de nos services.<br \/>Le partage des donn\u00e9es au sein de notre entreprise a lieu uniquement dans le cadre de nos activit\u00e9s commerciales, de nos services et comme d\u00e9crit dans la pr\u00e9sente d\u00e9claration de confidentialit\u00e9.<\/p>\n<p><strong>O\u00f9 vos donn\u00e9es personnelles sont-elles trait\u00e9es ?<\/strong><br \/>Vos donn\u00e9es personnelles ne seront pas stock\u00e9es sur le site, mais envoy\u00e9es \u00e0 notre courrier \u00e0 partir du site web. Vos donn\u00e9es personnelles ne sont trait\u00e9es que par les employ\u00e9s de notre soci\u00e9t\u00e9, sont trait\u00e9es dans une base de donn\u00e9es, utilis\u00e9es pour l'ex\u00e9cution de l'accord et pour l'inscription publique au registre concern\u00e9.<\/p>\n<p><strong>Combien de temps conservons-nous vos donn\u00e9es personnelles ?<\/strong><br \/>Nous ne conservons vos donn\u00e9es personnelles qu'aussi longtemps qu'elles sont n\u00e9cessaires aux fins pour lesquelles elles ont \u00e9t\u00e9 collect\u00e9es ou utilis\u00e9es et\/ou aussi longtemps que la loi l'exige.<br \/>Si vous souhaitez que nous supprimions vos donn\u00e9es personnelles, veuillez nous contacter. Nous supprimerons alors vos donn\u00e9es \u00e0 caract\u00e8re personnel dans les meilleurs d\u00e9lais, \u00e0 l'exception des informations que nous sommes l\u00e9galement tenus de conserver. Par exemple, la loi nous oblige \u00e0 conserver des donn\u00e9es telles que des copies de factures pendant sept ans.<\/p>\n<p><strong>Base juridique du traitement des donn\u00e9es<\/strong><br \/>Nous collectons et traitons vos donn\u00e9es personnelles uniquement lorsque nous disposons d'une base l\u00e9gale pour le faire. Les bases suivantes s'appliquent :<br \/>- Le traitement est n\u00e9cessaire \u00e0 l'ex\u00e9cution de votre contrat ;<br \/>- Le traitement est n\u00e9cessaire \u00e0 la poursuite de nos int\u00e9r\u00eats commerciaux l\u00e9gitimes, par exemple<br \/>(i) dans le but de mener nos activit\u00e9s commerciales ;<br \/>(ii) aux fins de certaines formes de marketing direct et de profilage ;<br \/>(iii) l'archivage des informations relatives \u00e0 votre compte ;<br \/>(iv) d\u00e9tecter ou pr\u00e9venir la fraude ou l'abus de nos services ; ou<br \/>(v) dans le but de s\u00e9curiser notre r\u00e9seau et nos syst\u00e8mes.<br \/>Le traitement est n\u00e9cessaire pour respecter une obligation l\u00e9gale, telle que l'obligation de conservation des donn\u00e9es administratives ou pour partager certaines informations dans le cadre d'enqu\u00eates criminelles \u00e0 la suite d'une ordonnance de police.<\/p>\n<p><strong>Lorsque vous nous avez donn\u00e9 votre consentement explicite \u00e0 tout traitement<\/strong><br \/>Si le traitement est fond\u00e9 sur le consentement, vous avez le droit de retirer votre consentement \u00e0 tout moment. Dans ce cas, nous mettrons fin au traitement de vos donn\u00e9es. Le retrait du consentement ne modifie pas la l\u00e9galit\u00e9 du traitement fond\u00e9 sur le consentement avant son retrait.<\/p>\n<p><strong>Questions et r\u00e9clamations<\/strong><br \/>Si vous avez des questions sur la mani\u00e8re dont nous utilisons vos donn\u00e9es personnelles, vous pouvez <a href=\"https:\/\/enderundoner.com\/fr\/contact\/\">contact<\/a> nous contacter. Si vous estimez qu'une question n'a pas \u00e9t\u00e9 trait\u00e9e de mani\u00e8re ad\u00e9quate, vous avez \u00e9galement le droit de d\u00e9poser une plainte aupr\u00e8s de l'Autorit\u00e9 des donn\u00e9es personnelles.<\/p>\n<p>Nous nous r\u00e9servons le droit de modifier cette d\u00e9claration de confidentialit\u00e9 \u00e0 tout moment. Vous voulez savoir quelles donn\u00e9es nous d\u00e9tenons sur vous dans notre base de donn\u00e9es ? Dans ce cas, veuillez contacter le 085 877 0355.<\/p>\n<p><strong>D\u00e9claration de cookie<\/strong><br \/>Notre site web utilise des \"cookies\". Les cookies sont de petits fichiers que notre site web place sur votre disque dur. Ces cookies permettent notamment de conna\u00eetre le nombre de visiteurs et leur comportement de navigation. Nous utilisons ces donn\u00e9es anonymes pour am\u00e9liorer le site web et personnaliser les services offerts.<\/p>\t\t\t\t\t\t\t\t<\/div>\n\t\t\t\t<\/div>\n\t\t\t\t\t<\/div>\n\t\t<\/div>\n\t\t\t\t\t<\/div>\n\t\t<\/section>\n\t\t\t\t<\/div>","protected":false},"excerpt":{"rendered":"<p>Privacyverklaring Enderun D\u00f6ner Jouw privacy is belangrijk voor ons. We gebruiken jouw persoonsgegevens uitsluitend om je account te beheren en om je te informeren over onze producten en diensten, voor zover je hiertoe toestemming hebt verleend. We hechten veel waarde aan de bescherming, vertrouwelijkheid en integriteit van jouw persoonsgegevens. Wij voldoen dan ook aan de [&hellip;]<\/p>\n","protected":false},"author":3,"featured_media":0,"parent":0,"menu_order":6,"comment_status":"closed","ping_status":"closed","template":"elementor_header_footer","meta":{"footnotes":""},"class_list":["post-3","page","type-page","status-publish","hentry"],"_links":{"self":[{"href":"https:\/\/enderundoner.com\/fr\/wp-json\/wp\/v2\/pages\/3","targetHints":{"allow":["GET"]}}],"collection":[{"href":"https:\/\/enderundoner.com\/fr\/wp-json\/wp\/v2\/pages"}],"about":[{"href":"https:\/\/enderundoner.com\/fr\/wp-json\/wp\/v2\/types\/page"}],"author":[{"embeddable":true,"href":"https:\/\/enderundoner.com\/fr\/wp-json\/wp\/v2\/users\/3"}],"replies":[{"embeddable":true,"href":"https:\/\/enderundoner.com\/fr\/wp-json\/wp\/v2\/comments?post=3"}],"version-history":[{"count":0,"href":"https:\/\/enderundoner.com\/fr\/wp-json\/wp\/v2\/pages\/3\/revisions"}],"wp:attachment":[{"href":"https:\/\/enderundoner.com\/fr\/wp-json\/wp\/v2\/media?parent=3"}],"curies":[{"name":"wp","href":"https:\/\/api.w.org\/{rel}","templated":true}]}}