{"id":2702,"date":"2023-01-21T14:11:53","date_gmt":"2023-01-21T14:11:53","guid":{"rendered":"https:\/\/enderundoner.com\/?post_type=product&#038;p=2702"},"modified":"2024-10-07T05:46:35","modified_gmt":"2024-10-07T05:46:35","slug":"kiyma-doner-usta-kalfsdoner","status":"publish","type":"product","link":"https:\/\/enderundoner.com\/fr\/product\/kiyma-doner-usta-kalfsdoner\/","title":{"rendered":"Kiyma Doner Usta"},"content":{"rendered":"<p>Kiyma doner usta Veal doner<br \/>\nContient de la viande de veau et de dinde<br \/>\nPoids : 10 - 40 kg<br \/>\nUtilisation : jusqu'\u00e0 12 mois apr\u00e8s la production<\/p>","protected":false},"excerpt":{"rendered":"<p>Laissez-vous surprendre par les d\u00e9licieuses saveurs de notre D\u00f6ner Kebab ! Nous savons mieux que quiconque \u00e0 quel point la qualit\u00e9 des produits d\u00f6ner est importante. C'est pourquoi nous appliquons un contr\u00f4le de qualit\u00e9 approfondi et strict avant l'exp\u00e9dition de notre d\u00f6ner kebab. Il n'y a rien de plus important pour nous que le meilleur go\u00fbt et la meilleure qualit\u00e9 !<\/p>","protected":false},"featured_media":3084,"template":"","meta":[],"product_brand":[],"product_cat":[33],"product_tag":[],"class_list":{"0":"post-2702","1":"product","2":"type-product","3":"status-publish","4":"has-post-thumbnail","6":"product_cat-doner-kebab","8":"first","9":"instock","10":"taxable","11":"shipping-taxable","12":"product-type-simple"},"_links":{"self":[{"href":"https:\/\/enderundoner.com\/fr\/wp-json\/wp\/v2\/product\/2702","targetHints":{"allow":["GET"]}}],"collection":[{"href":"https:\/\/enderundoner.com\/fr\/wp-json\/wp\/v2\/product"}],"about":[{"href":"https:\/\/enderundoner.com\/fr\/wp-json\/wp\/v2\/types\/product"}],"version-history":[{"count":0,"href":"https:\/\/enderundoner.com\/fr\/wp-json\/wp\/v2\/product\/2702\/revisions"}],"wp:featuredmedia":[{"embeddable":true,"href":"https:\/\/enderundoner.com\/fr\/wp-json\/wp\/v2\/media\/3084"}],"wp:attachment":[{"href":"https:\/\/enderundoner.com\/fr\/wp-json\/wp\/v2\/media?parent=2702"}],"wp:term":[{"taxonomy":"product_brand","embeddable":true,"href":"https:\/\/enderundoner.com\/fr\/wp-json\/wp\/v2\/product_brand?post=2702"},{"taxonomy":"product_cat","embeddable":true,"href":"https:\/\/enderundoner.com\/fr\/wp-json\/wp\/v2\/product_cat?post=2702"},{"taxonomy":"product_tag","embeddable":true,"href":"https:\/\/enderundoner.com\/fr\/wp-json\/wp\/v2\/product_tag?post=2702"}],"curies":[{"name":"wp","href":"https:\/\/api.w.org\/{rel}","templated":true}]}}