{"id":2714,"date":"2023-01-21T14:36:47","date_gmt":"2023-01-21T14:36:47","guid":{"rendered":"https:\/\/enderundoner.com\/?post_type=product&#038;p=2714"},"modified":"2024-10-07T05:46:35","modified_gmt":"2024-10-07T05:46:35","slug":"lahmacun-turkse-pizza","status":"publish","type":"product","link":"https:\/\/enderundoner.com\/fr\/product\/lahmacun-turkse-pizza\/","title":{"rendered":"Pizza turque Lahmacun"},"content":{"rendered":"<p>Pizza turque Lahmacun<\/p>\n<p>Contient 70% Hachis de b\u0153uf<\/p>\n<p>Contenu : 60 pi\u00e8ces par bo\u00eete<\/p>\n<p>Utilisation : jusqu'\u00e0 12 mois apr\u00e8s la production<\/p>","protected":false},"excerpt":{"rendered":"<p>La pizza turque est une fine base de p\u00e2te garnie d'une sauce rouge \u00e9pic\u00e9e et d'un hachis d'agneau ou de b\u0153uf. Le m\u00e9lange se compose de viande hach\u00e9e \u00e9pic\u00e9e, d'oignons, de tomates fra\u00eeches, de persil et de piments. La base ressemble \u00e0 une pizza, mais elle est beaucoup plus fine et le lahmacun n'est pas garni de fromage. La pizza turque peut \u00eatre consomm\u00e9e roul\u00e9e comme un wrap ou coup\u00e9e en petits morceaux et servie comme un plat. Nos pizzas turques sont pr\u00e9par\u00e9es fra\u00eechement chaque jour et sont d\u00e9licieuses ! Vous souhaitez commander des lahmacun ? Prenez contact avec nous.<\/p>","protected":false},"featured_media":3126,"template":"","meta":[],"product_brand":[],"product_cat":[31],"product_tag":[],"class_list":{"0":"post-2714","1":"product","2":"type-product","3":"status-publish","4":"has-post-thumbnail","6":"product_cat-brood-lahmacun","8":"first","9":"instock","10":"taxable","11":"shipping-taxable","12":"product-type-external"},"_links":{"self":[{"href":"https:\/\/enderundoner.com\/fr\/wp-json\/wp\/v2\/product\/2714","targetHints":{"allow":["GET"]}}],"collection":[{"href":"https:\/\/enderundoner.com\/fr\/wp-json\/wp\/v2\/product"}],"about":[{"href":"https:\/\/enderundoner.com\/fr\/wp-json\/wp\/v2\/types\/product"}],"version-history":[{"count":0,"href":"https:\/\/enderundoner.com\/fr\/wp-json\/wp\/v2\/product\/2714\/revisions"}],"wp:featuredmedia":[{"embeddable":true,"href":"https:\/\/enderundoner.com\/fr\/wp-json\/wp\/v2\/media\/3126"}],"wp:attachment":[{"href":"https:\/\/enderundoner.com\/fr\/wp-json\/wp\/v2\/media?parent=2714"}],"wp:term":[{"taxonomy":"product_brand","embeddable":true,"href":"https:\/\/enderundoner.com\/fr\/wp-json\/wp\/v2\/product_brand?post=2714"},{"taxonomy":"product_cat","embeddable":true,"href":"https:\/\/enderundoner.com\/fr\/wp-json\/wp\/v2\/product_cat?post=2714"},{"taxonomy":"product_tag","embeddable":true,"href":"https:\/\/enderundoner.com\/fr\/wp-json\/wp\/v2\/product_tag?post=2714"}],"curies":[{"name":"wp","href":"https:\/\/api.w.org\/{rel}","templated":true}]}}