{"id":3142,"date":"2023-02-21T06:34:33","date_gmt":"2023-02-21T06:34:33","guid":{"rendered":"https:\/\/enderundoner.com\/?post_type=product&#038;p=3142"},"modified":"2024-10-07T05:46:34","modified_gmt":"2024-10-07T05:46:34","slug":"potis-ce4","status":"publish","type":"product","link":"https:\/\/enderundoner.com\/fr\/product\/potis-ce4\/","title":{"rendered":"Gril \u00e0 d\u00f6ner POTIS CE4"},"content":{"rendered":"<p>Sp\u00e9cifications techniques<br \/>\nSurface au sol sans bac de r\u00e9cup\u00e9ration des graisses (LxP) 530 x 550 mm<br \/>\nHauteur de l'unit\u00e9 avec moteur 1120 mm<br \/>\nPuissance connect\u00e9e 7,6 kW \/ 400 V\/230 V \/ 3\/N\/PE \/ ~50Hz<br \/>\nSurface du r\u00e9flecteur (L x H) 195 x 680 mm<br \/>\nPoids maximal de la viande 70 kg<br \/>\nHauteur maximale de la viande 680 mm<br \/>\n\u00e9l\u00e9ments chauffants 4<br \/>\nSurface au sol avec bac \u00e0 graisse octogonal (LxP) 550 x 740 mm<br \/>\nPuissance connect\u00e9e N -<br \/>\nPuissance connect\u00e9e S -<br \/>\nS\u00e9rie standard<br \/>\nPuissance de sortie 7,6 kW<br \/>\nPortes \u00e0 charni\u00e8res en option<\/p>\n<p>&nbsp;<\/p>","protected":false},"excerpt":{"rendered":"<p>Version en acier inoxydable<\/p>","protected":false},"featured_media":4109,"template":"","meta":[],"product_brand":[],"product_cat":[51],"product_tag":[],"class_list":{"0":"post-3142","1":"product","2":"type-product","3":"status-publish","4":"has-post-thumbnail","6":"product_cat-donergrill-elektrisch","7":"product_shipping_class-doner-grill","9":"first","10":"instock","11":"taxable","12":"shipping-taxable","13":"purchasable","14":"product-type-simple"},"_links":{"self":[{"href":"https:\/\/enderundoner.com\/fr\/wp-json\/wp\/v2\/product\/3142","targetHints":{"allow":["GET"]}}],"collection":[{"href":"https:\/\/enderundoner.com\/fr\/wp-json\/wp\/v2\/product"}],"about":[{"href":"https:\/\/enderundoner.com\/fr\/wp-json\/wp\/v2\/types\/product"}],"version-history":[{"count":0,"href":"https:\/\/enderundoner.com\/fr\/wp-json\/wp\/v2\/product\/3142\/revisions"}],"wp:featuredmedia":[{"embeddable":true,"href":"https:\/\/enderundoner.com\/fr\/wp-json\/wp\/v2\/media\/4109"}],"wp:attachment":[{"href":"https:\/\/enderundoner.com\/fr\/wp-json\/wp\/v2\/media?parent=3142"}],"wp:term":[{"taxonomy":"product_brand","embeddable":true,"href":"https:\/\/enderundoner.com\/fr\/wp-json\/wp\/v2\/product_brand?post=3142"},{"taxonomy":"product_cat","embeddable":true,"href":"https:\/\/enderundoner.com\/fr\/wp-json\/wp\/v2\/product_cat?post=3142"},{"taxonomy":"product_tag","embeddable":true,"href":"https:\/\/enderundoner.com\/fr\/wp-json\/wp\/v2\/product_tag?post=3142"}],"curies":[{"name":"wp","href":"https:\/\/api.w.org\/{rel}","templated":true}]}}