{"id":3155,"date":"2023-02-21T07:18:10","date_gmt":"2023-02-21T07:18:10","guid":{"rendered":"https:\/\/enderundoner.com\/?post_type=product&#038;p=3155"},"modified":"2024-10-07T05:46:33","modified_gmt":"2024-10-07T05:46:33","slug":"tandir-knife-100-op-netstroom-en-op-batterijen","status":"publish","type":"product","link":"https:\/\/enderundoner.com\/fr\/product\/tandir-knife-100-op-netstroom-en-op-batterijen\/","title":{"rendered":"Couteau \u00e0 d\u00f6ner \u00e9lectrique Tandir 100 fonctionnant sur secteur et sur piles"},"content":{"rendered":"<p><strong>Description :<\/strong><\/p>\n<p>Couteau Tandir 100 avec lame de 10 cm de diam\u00e8tre avec transformateur 15 V et deux batteries 14,4 V<br \/>\nCapacit\u00e9 de la batterie 15-20 kg de viande<br \/>\nProfondeur de coupe r\u00e9glable de 0 \u00e0 10 mm<br \/>\nCapacit\u00e9 journali\u00e8re : 80 kg<br \/>\nCertifi\u00e9 CE<\/p>\n<p><strong>La livraison comprend<\/strong><\/p>\n<p>Couteau Tandir 100<br \/>\nAdaptateur 15 V (transformateur)<br \/>\nDeux piles<br \/>\nChargeur de batterie<br \/>\nCouteau rond (lisse)<br \/>\nCouteau rond (dentel\u00e9)<br \/>\nBloc de broyage<br \/>\nVis de remplacement de la lame<br \/>\nCoulisseau de remplacement<br \/>\nFusibles de 6,3 A<br \/>\nMode d'emploi d\u00e9taill\u00e9<br \/>\nPoids du kit de livraison : 6,1 kg<\/p>","protected":false},"excerpt":{"rendered":"<p>Convient pour les d\u00f6ners jusqu'\u00e0 20 kg<\/p>","protected":false},"featured_media":3156,"template":"","meta":[],"product_brand":[],"product_cat":[45],"product_tag":[],"class_list":{"0":"post-3155","1":"product","2":"type-product","3":"status-publish","4":"has-post-thumbnail","6":"product_cat-donermes-elektrisch","7":"product_shipping_class-donermes-verzendkosten","9":"first","10":"instock","11":"taxable","12":"shipping-taxable","13":"purchasable","14":"product-type-simple"},"_links":{"self":[{"href":"https:\/\/enderundoner.com\/fr\/wp-json\/wp\/v2\/product\/3155","targetHints":{"allow":["GET"]}}],"collection":[{"href":"https:\/\/enderundoner.com\/fr\/wp-json\/wp\/v2\/product"}],"about":[{"href":"https:\/\/enderundoner.com\/fr\/wp-json\/wp\/v2\/types\/product"}],"version-history":[{"count":0,"href":"https:\/\/enderundoner.com\/fr\/wp-json\/wp\/v2\/product\/3155\/revisions"}],"wp:featuredmedia":[{"embeddable":true,"href":"https:\/\/enderundoner.com\/fr\/wp-json\/wp\/v2\/media\/3156"}],"wp:attachment":[{"href":"https:\/\/enderundoner.com\/fr\/wp-json\/wp\/v2\/media?parent=3155"}],"wp:term":[{"taxonomy":"product_brand","embeddable":true,"href":"https:\/\/enderundoner.com\/fr\/wp-json\/wp\/v2\/product_brand?post=3155"},{"taxonomy":"product_cat","embeddable":true,"href":"https:\/\/enderundoner.com\/fr\/wp-json\/wp\/v2\/product_cat?post=3155"},{"taxonomy":"product_tag","embeddable":true,"href":"https:\/\/enderundoner.com\/fr\/wp-json\/wp\/v2\/product_tag?post=3155"}],"curies":[{"name":"wp","href":"https:\/\/api.w.org\/{rel}","templated":true}]}}