{"id":3932,"date":"2023-03-18T15:23:19","date_gmt":"2023-03-18T15:23:19","guid":{"rendered":"https:\/\/enderundoner.com\/?post_type=product&#038;p=3932"},"modified":"2024-10-07T05:46:33","modified_gmt":"2024-10-07T05:46:33","slug":"donergrill-potis-f-ce4-elektrisch","status":"publish","type":"product","link":"https:\/\/enderundoner.com\/fr\/product\/donergrill-potis-f-ce4-elektrisch\/","title":{"rendered":"Gril \u00e0 d\u00f6ner POTIS F CE4"},"content":{"rendered":"<p>Sp\u00e9cifications techniques<br \/>\ncharge connect\u00e9e 7,6 kW \/ 400V\/230V \/ 3\/N\/PE \/ ~50Hz<br \/>\nSurface du r\u00e9flecteur (L x H) 195x680mm<br \/>\nPoids maximal de la viande : 70 kg<br \/>\nHauteur maximale de la viande 680 mm<br \/>\n\u00e9l\u00e9ments chauffants 4<br \/>\nSurface au sol (LxP) 620x760mm<br \/>\nCharge attach\u00e9e N -<br \/>\nCharge attach\u00e9e p -<br \/>\ns\u00e9rie F<br \/>\nhauteur de l'appareil 1040mm<br \/>\nServices 7,6 kW<br \/>\nPortes \u00e0 charni\u00e8res en option<\/p>","protected":false},"excerpt":{"rendered":"<p>Version en acier inoxydable<\/p>","protected":false},"featured_media":3935,"template":"","meta":[],"product_brand":[],"product_cat":[51],"product_tag":[],"class_list":{"0":"post-3932","1":"product","2":"type-product","3":"status-publish","4":"has-post-thumbnail","6":"product_cat-donergrill-elektrisch","7":"product_shipping_class-doner-grill","9":"first","10":"instock","11":"taxable","12":"shipping-taxable","13":"purchasable","14":"product-type-simple"},"_links":{"self":[{"href":"https:\/\/enderundoner.com\/fr\/wp-json\/wp\/v2\/product\/3932","targetHints":{"allow":["GET"]}}],"collection":[{"href":"https:\/\/enderundoner.com\/fr\/wp-json\/wp\/v2\/product"}],"about":[{"href":"https:\/\/enderundoner.com\/fr\/wp-json\/wp\/v2\/types\/product"}],"version-history":[{"count":0,"href":"https:\/\/enderundoner.com\/fr\/wp-json\/wp\/v2\/product\/3932\/revisions"}],"wp:featuredmedia":[{"embeddable":true,"href":"https:\/\/enderundoner.com\/fr\/wp-json\/wp\/v2\/media\/3935"}],"wp:attachment":[{"href":"https:\/\/enderundoner.com\/fr\/wp-json\/wp\/v2\/media?parent=3932"}],"wp:term":[{"taxonomy":"product_brand","embeddable":true,"href":"https:\/\/enderundoner.com\/fr\/wp-json\/wp\/v2\/product_brand?post=3932"},{"taxonomy":"product_cat","embeddable":true,"href":"https:\/\/enderundoner.com\/fr\/wp-json\/wp\/v2\/product_cat?post=3932"},{"taxonomy":"product_tag","embeddable":true,"href":"https:\/\/enderundoner.com\/fr\/wp-json\/wp\/v2\/product_tag?post=3932"}],"curies":[{"name":"wp","href":"https:\/\/api.w.org\/{rel}","templated":true}]}}