{"id":3,"date":"2022-01-15T14:15:27","date_gmt":"2022-01-15T14:15:27","guid":{"rendered":"https:\/\/enderundoner.com\/?page_id=3"},"modified":"2023-03-17T10:19:24","modified_gmt":"2023-03-17T10:19:24","slug":"privacyverklaring","status":"publish","type":"page","link":"https:\/\/enderundoner.com\/tr\/privacyverklaring\/","title":{"rendered":"Gizlilik beyan\u0131"},"content":{"rendered":"<div data-elementor-type=\"wp-page\" data-elementor-id=\"3\" class=\"elementor elementor-3\" data-elementor-post-type=\"page\">\n\t\t\t\t\t\t<section class=\"elementor-section elementor-top-section elementor-element elementor-element-2d2f561 elementor-section-height-min-height elementor-section-boxed elementor-section-height-default elementor-section-items-middle\" data-id=\"2d2f561\" data-element_type=\"section\" data-e-type=\"section\" data-settings=\"{&quot;background_background&quot;:&quot;classic&quot;}\">\n\t\t\t\t\t\t\t<div class=\"elementor-background-overlay\"><\/div>\n\t\t\t\t\t\t\t<div class=\"elementor-container elementor-column-gap-no\">\n\t\t\t\t\t<div class=\"elementor-column elementor-col-100 elementor-top-column elementor-element elementor-element-a8100bc\" data-id=\"a8100bc\" data-element_type=\"column\" data-e-type=\"column\">\n\t\t\t<div class=\"elementor-widget-wrap elementor-element-populated\">\n\t\t\t\t\t\t<div class=\"elementor-element elementor-element-b82dda9 elementor-widget-divider--view-line elementor-widget elementor-widget-divider\" data-id=\"b82dda9\" data-element_type=\"widget\" data-e-type=\"widget\" data-widget_type=\"divider.default\">\n\t\t\t\t<div class=\"elementor-widget-container\">\n\t\t\t\t\t\t\t<div class=\"elementor-divider\">\n\t\t\t<span class=\"elementor-divider-separator\">\n\t\t\t\t\t\t<\/span>\n\t\t<\/div>\n\t\t\t\t\t\t<\/div>\n\t\t\t\t<\/div>\n\t\t\t\t\t<\/div>\n\t\t<\/div>\n\t\t\t\t\t<\/div>\n\t\t<\/section>\n\t\t\t\t<section class=\"elementor-section elementor-top-section elementor-element elementor-element-36edf84 elementor-section-boxed elementor-section-height-default elementor-section-height-default\" data-id=\"36edf84\" data-element_type=\"section\" data-e-type=\"section\" data-settings=\"{&quot;background_background&quot;:&quot;classic&quot;}\">\n\t\t\t\t\t\t\t<div class=\"elementor-background-overlay\"><\/div>\n\t\t\t\t\t\t\t<div class=\"elementor-container elementor-column-gap-default\">\n\t\t\t\t\t<div class=\"elementor-column elementor-col-100 elementor-top-column elementor-element elementor-element-235b5938\" data-id=\"235b5938\" data-element_type=\"column\" data-e-type=\"column\">\n\t\t\t<div class=\"elementor-widget-wrap elementor-element-populated\">\n\t\t\t\t\t\t<div class=\"elementor-element elementor-element-b2731ac elementor-widget elementor-widget-heading\" data-id=\"b2731ac\" data-element_type=\"widget\" data-e-type=\"widget\" data-widget_type=\"heading.default\">\n\t\t\t\t<div class=\"elementor-widget-container\">\n\t\t\t\t\t<h2 class=\"elementor-heading-title elementor-size-default\">Gizlilik beyan\u0131 Enderun D\u00f6ner<\/h2>\t\t\t\t<\/div>\n\t\t\t\t<\/div>\n\t\t\t\t<div class=\"elementor-element elementor-element-162feb66 elementor-widget elementor-widget-text-editor\" data-id=\"162feb66\" data-element_type=\"widget\" data-e-type=\"widget\" data-widget_type=\"text-editor.default\">\n\t\t\t\t<div class=\"elementor-widget-container\">\n\t\t\t\t\t\t\t\t\t<p>Gizlili\u011finiz bizim i\u00e7in \u00f6nemlidir. Ki\u015fisel verilerinizi yaln\u0131zca hesab\u0131n\u0131z\u0131 y\u00f6netmek ve onay verdi\u011finiz durumlarda \u00fcr\u00fcnlerimiz ve hizmetlerimiz hakk\u0131nda sizi bilgilendirmek i\u00e7in kullan\u0131r\u0131z. Ki\u015fisel verilerinizin korunmas\u0131na, gizlili\u011fine ve b\u00fct\u00fcnl\u00fc\u011f\u00fcne b\u00fcy\u00fck \u00f6nem veriyoruz. Bu nedenle Ki\u015fisel Verilerin Korunmas\u0131 Kanunu h\u00fck\u00fcmlerine uyuyoruz. Bu gizlilik bildiriminde, \u00fcr\u00fcnlerimizi ve hizmetlerimizi kulland\u0131\u011f\u0131n\u0131zda hangi ki\u015fisel verileri toplad\u0131\u011f\u0131m\u0131z\u0131, bu verilere neden ihtiya\u00e7 duydu\u011fumuzu ve bunlar\u0131 nas\u0131l kulland\u0131\u011f\u0131m\u0131z\u0131 a\u00e7\u0131kl\u0131yoruz.<\/p>\n<p><strong>Hangi ki\u015fisel veriler toplan\u0131r?<\/strong><br \/>Size daha iyi hizmet sunmak ve \u00fcr\u00fcnlerimiz ve hizmetlerimiz hakk\u0131nda sizi bilgilendirmek i\u00e7in belirli ki\u015fisel verilere ihtiyac\u0131m\u0131z var. \u00d6rne\u011fin, ileti\u015fim formu arac\u0131l\u0131\u011f\u0131yla bizimle ileti\u015fime ge\u00e7erseniz, a\u015fa\u011f\u0131daki verileri i\u015fleriz:<\/p>\n<p>\u0130sim;<br \/>\u015eirket;<br \/>E-posta;<br \/>Telefon numaras\u0131;<br \/>Mesaj.<\/p>\n<p><strong>Ki\u015fisel verilerinizi nas\u0131l kullan\u0131yoruz?<\/strong><br \/>Ki\u015fisel verilerinizi yaln\u0131zca toplanma ama\u00e7lar\u0131 do\u011frultusunda ve ge\u00e7erli oldu\u011fu durumlarda yasal y\u00fck\u00fcml\u00fcl\u00fcklere uymak i\u00e7in kullan\u0131r\u0131z.<br \/>Ki\u015fisel verilerinizi a\u015fa\u011f\u0131daki ama\u00e7lar i\u00e7in kullan\u0131yoruz:<\/p>\n<p><span style=\"text-decoration: underline;\">Uygulama<\/span><br \/>Ki\u015fisel verilerinizi sizinle ileti\u015fime ge\u00e7mek i\u00e7in kullanaca\u011f\u0131z (kendi iste\u011finiz \u00fczerine).<\/p>\n<p><span style=\"text-decoration: underline;\">Pazarlama<\/span><br \/>Sizi \u00fcr\u00fcnlerimiz ve hizmetlerimiz hakk\u0131nda e-posta, SMS veya di\u011fer elektronik ortamlar arac\u0131l\u0131\u011f\u0131yla bilgilendirmek istiyoruz. \u0130stedi\u011finiz zaman bu bilgi sa\u011flama aboneli\u011finden \u00e7\u0131kma hakk\u0131na sahipsiniz.<\/p>\n<p><span style=\"text-decoration: underline;\">\u0130leti\u015fim<\/span><br \/>Verilerinizi, hizmetlerimizle ba\u011flant\u0131l\u0131 olarak sizinle e-posta, k\u0131sa mesaj veya di\u011fer elektronik ortamlar arac\u0131l\u0131\u011f\u0131yla ileti\u015fim kurmak i\u00e7in kullan\u0131r\u0131z. \u00d6rne\u011fin, bizden fiyat teklifleri ve faturalar alacaks\u0131n\u0131z ve gerekirse sizi m\u00fc\u015fteri memnuniyeti anketlerine kat\u0131lmaya davet etmek i\u00e7in sizinle ileti\u015fim kurabiliriz.<\/p>\n<p><strong>\u00dcr\u00fcn ve hizmetlerimizin iyile\u015ftirilmesi ve ki\u015fiselle\u015ftirilmesi<\/strong><br \/>Ki\u015fisel verilerinizi \u00fcr\u00fcnlerimizi ve hizmetlerimizi geli\u015ftirmek i\u00e7in kullanabiliriz. \u00d6rne\u011fin, t\u0131klama davran\u0131\u015f\u0131n\u0131, web sitemizdeki arama sonu\u00e7lar\u0131n\u0131, web sitemizin farkl\u0131 sayfalar\u0131nda ziyaret edilen s\u00fcreyi, geldi\u011finiz web sitesinin internetini anlamak, yeni \u00fcr\u00fcn \u00f6zelliklerine \u00f6ncelik vermemize veya bunlar\u0131 belirlememize yard\u0131mc\u0131 olabilir.<\/p>\n<p><strong>Bak\u0131m, geli\u015ftirme ve olay y\u00f6netimi<\/strong><br \/>\u00dcr\u00fcn veya hizmetlerimizden biriyle ilgili sorun ya\u015farsan\u0131z, s\u00f6z konusu sorunu \u00e7\u00f6zmek i\u00e7in ad\u0131n\u0131z veya e-posta adresiniz gibi ki\u015fisel verileri i\u015flememiz gerekebilir. Ki\u015fisel verilerinizi, m\u00fc\u015fteri verilerini yeni bir veri taban\u0131na aktard\u0131\u011f\u0131m\u0131z zamanlar gibi baz\u0131 dahili operasyonel s\u00fcre\u00e7ler i\u00e7in de i\u015flemekteyiz.<\/p>\n<p><strong>Genel i\u015f s\u00fcre\u00e7lerinin, i\u00e7 y\u00f6netimin ve y\u00f6netim raporlamas\u0131n\u0131n uygulanmas\u0131<\/strong><br \/>Ticari faaliyetlerimizi y\u00fcr\u00fctmek i\u00e7in ki\u015fisel verilerinizi genel i\u015f s\u00fcre\u00e7leri i\u00e7in kullan\u0131r\u0131z. \u00d6rne\u011fin, verilerinizi ar\u015fivleme, y\u00f6netim raporlamas\u0131 ve di\u011fer idari ama\u00e7lar i\u00e7in i\u015fliyoruz.<\/p>\n<p><strong>Ki\u015fisel verilerinizi kimlerle payla\u015f\u0131yoruz?<\/strong><br \/>Ki\u015fisel verilerinizi belediyeler, kolluk kuvvetleri, e-pazarlama gibi \u00fc\u00e7\u00fcnc\u00fc taraflarla payla\u015f\u0131yoruz. Verilerinizi payla\u015f\u0131yoruz:<br \/>- Ticari faaliyetlerimizi y\u00fcr\u00fctmek veya hizmetlerimizi etkinle\u015ftirmek i\u00e7in gerekli oldu\u011fu \u00f6l\u00e7\u00fcde.<br \/>- Bize bu konuda a\u00e7\u0131k izin verdi\u011finiz durumlarda<br \/>- Kolluk kuvvetleri ba\u011flam\u0131nda, \u00f6rne\u011fin yasa d\u0131\u015f\u0131 faaliyetleri ara\u015ft\u0131rmak i\u00e7in, yasal olarak bunu yapmam\u0131z talep edilirse;<br \/>- Uygun oldu\u011funda sizinle olan anla\u015fmam\u0131z\u0131 uygulamak i\u00e7in. \u00d6rne\u011fin, faturalar\u0131n\u0131z\u0131 \u00f6demediyseniz, bilgilerinizi bir tahsilat ajans\u0131 ile payla\u015fabiliriz;<br \/>- \u00dc\u00e7\u00fcnc\u00fc taraflara kar\u015f\u0131 haklar\u0131m\u0131z\u0131 uygulamak veya \u00fc\u00e7\u00fcnc\u00fc taraf iddialar\u0131na veya su\u00e7lamalar\u0131na kar\u015f\u0131 kendimizi savunmak i\u00e7in;<br \/>- Hizmetlerimizin g\u00fcvenli\u011fini, b\u00fct\u00fcnl\u00fc\u011f\u00fcn\u00fc ve korunmas\u0131n\u0131 sa\u011flamak i\u00e7in.<br \/>\u015eirketimiz i\u00e7inde veri payla\u015f\u0131m\u0131 yaln\u0131zca ticari faaliyetlerimiz, size sundu\u011fumuz hizmet ve bu gizlilik bildiriminde a\u00e7\u0131klanan ama\u00e7lar do\u011frultusunda ger\u00e7ekle\u015fir.<\/p>\n<p><strong>Ki\u015fisel verileriniz nerede i\u015fleniyor?<\/strong><br \/>Ki\u015fisel verileriniz sitede saklanmayacak, ancak web sitesinden mailimize g\u00f6nderilecektir. Ki\u015fisel verileriniz sadece \u015firketimiz \u00e7al\u0131\u015fanlar\u0131 taraf\u0131ndan i\u015flenmekte, bir veri taban\u0131na i\u015flenmekte, S\u00f6zle\u015fmenin ifas\u0131 ve ilgili Sicilden kamu ihalesi i\u00e7in kullan\u0131lmaktad\u0131r.<\/p>\n<p><strong>Ki\u015fisel verilerinizi ne kadar s\u00fcreyle sakl\u0131yoruz?<\/strong><br \/>Ki\u015fisel verilerinizi yaln\u0131zca topland\u0131klar\u0131 veya kullan\u0131ld\u0131klar\u0131 ama\u00e7lar i\u00e7in gerekli oldu\u011fu s\u00fcrece ve\/veya yasalar\u0131n gerektirdi\u011fi s\u00fcrece saklar\u0131z.<br \/>Ki\u015fisel verilerinizin bizden silinmesini istiyorsan\u0131z, l\u00fctfen bizimle ileti\u015fime ge\u00e7in. Bunu takiben, yasal olarak saklamakla y\u00fck\u00fcml\u00fc oldu\u011fumuz bilgiler hari\u00e7 olmak \u00fczere, ki\u015fisel verilerinizi gecikmeksizin silece\u011fiz. \u00d6rne\u011fin, yasa gere\u011fi fatura kopyalar\u0131 gibi verileri yedi y\u0131l boyunca saklamam\u0131z gerekmektedir.<\/p>\n<p><strong>Veri i\u015flemenin yasal dayana\u011f\u0131<\/strong><br \/>Ki\u015fisel verilerinizi yaln\u0131zca bunu yapmak i\u00e7in yasal bir dayana\u011f\u0131m\u0131z oldu\u011funda toplar ve i\u015fleriz. A\u015fa\u011f\u0131daki dayanaklar ge\u00e7erlidir:<br \/>- \u0130\u015fleme, s\u00f6zle\u015fmenizin yerine getirilmesi i\u00e7in gereklidir;<br \/>- \u0130\u015fleme, me\u015fru ticari \u00e7\u0131karlar\u0131m\u0131z\u0131 takip etmek i\u00e7in gereklidir, \u00f6rne\u011fin<br \/>(i) ticari faaliyetlerimizi y\u00fcr\u00fctmek amac\u0131yla;<br \/>(ii) belirli do\u011frudan pazarlama ve profilleme bi\u00e7imleri amac\u0131yla;<br \/>(iii) hesab\u0131n\u0131zla ilgili bilgileri ar\u015fivlemek i\u00e7in;<br \/>(iv) hizmetlerimizin doland\u0131r\u0131c\u0131l\u0131\u011f\u0131n\u0131 veya k\u00f6t\u00fcye kullan\u0131m\u0131n\u0131 tespit etmek veya \u00f6nlemek; veya<br \/>(v) a\u011f\u0131m\u0131z\u0131n ve sistemlerimizin g\u00fcvenli\u011fini sa\u011flamak amac\u0131yla.<br \/>\u0130\u015fleme, idari veriler i\u00e7in saklama y\u00fck\u00fcml\u00fcl\u00fc\u011f\u00fc gibi yasal bir y\u00fck\u00fcml\u00fcl\u00fc\u011fe uymak veya bir polis emrini takiben cezai soru\u015fturmalar i\u00e7in belirli bilgileri payla\u015fmak i\u00e7in gereklidir.<\/p>\n<p><strong>Herhangi bir i\u015fleme i\u00e7in bize a\u00e7\u0131k onay verdi\u011finizde<\/strong><br \/>\u0130\u015flemenin r\u0131zaya dayal\u0131 olmas\u0131 halinde, r\u0131zan\u0131z\u0131 istedi\u011finiz zaman geri \u00e7ekme hakk\u0131na sahipsiniz. Bu durumda, verilerinizin ilgili i\u015flenmesini sonland\u0131raca\u011f\u0131z. R\u0131zan\u0131n geri \u00e7ekilmesi, geri \u00e7ekilmeden \u00f6nce r\u0131zaya dayal\u0131 i\u015flemenin yasall\u0131\u011f\u0131n\u0131 de\u011fi\u015ftirmez.<\/p>\n<p><strong>Sorular ve \u015fikayetler<\/strong><br \/>Ki\u015fisel verilerinizi nas\u0131l kulland\u0131\u011f\u0131m\u0131z hakk\u0131nda herhangi bir sorunuz varsa, \u015funlar\u0131 yapabilirsiniz <a href=\"https:\/\/enderundoner.com\/tr\/contact\/\">\u0130leti\u015fim<\/a> bizimle ileti\u015fime ge\u00e7in. Bir sorunun yeterince ele al\u0131nmad\u0131\u011f\u0131n\u0131 d\u00fc\u015f\u00fcn\u00fcyorsan\u0131z, Ki\u015fisel Veri Kurumu'na \u015fikayette bulunma hakk\u0131na da sahipsiniz.<\/p>\n<p>Bu gizlilik bildirimini istedi\u011fimiz zaman de\u011fi\u015ftirme hakk\u0131m\u0131z sakl\u0131d\u0131r. Veri taban\u0131m\u0131zda sizin hakk\u0131n\u0131zda hangi verileri tuttu\u011fumuzu \u00f6\u011frenmek ister misiniz? \u00d6yleyse, l\u00fctfen 085 877 0355 ile ileti\u015fime ge\u00e7in.<\/p>\n<p><strong>\u00c7erez beyan\u0131<\/strong><br \/>Web sitemizde '\u00e7erezler' kullan\u0131lmaktad\u0131r. \u00c7erezler, web sitemizin sabit diskinize yerle\u015ftirdi\u011fi k\u00fc\u00e7\u00fck dosyalard\u0131r. Di\u011fer \u015feylerin yan\u0131 s\u0131ra, bu \u00e7erezler ziyaret\u00e7i say\u0131lar\u0131 ve gezinme davran\u0131\u015flar\u0131 hakk\u0131nda bilgi sa\u011flar. Bu anonim verileri web sitesini geli\u015ftirmek ve sunulan hizmetleri ki\u015fiselle\u015ftirmek i\u00e7in kullan\u0131yoruz.<\/p>\t\t\t\t\t\t\t\t<\/div>\n\t\t\t\t<\/div>\n\t\t\t\t\t<\/div>\n\t\t<\/div>\n\t\t\t\t\t<\/div>\n\t\t<\/section>\n\t\t\t\t<\/div>","protected":false},"excerpt":{"rendered":"<p>Privacyverklaring Enderun D\u00f6ner Jouw privacy is belangrijk voor ons. We gebruiken jouw persoonsgegevens uitsluitend om je account te beheren en om je te informeren over onze producten en diensten, voor zover je hiertoe toestemming hebt verleend. We hechten veel waarde aan de bescherming, vertrouwelijkheid en integriteit van jouw persoonsgegevens. Wij voldoen dan ook aan de [&hellip;]<\/p>\n","protected":false},"author":3,"featured_media":0,"parent":0,"menu_order":6,"comment_status":"closed","ping_status":"closed","template":"elementor_header_footer","meta":{"footnotes":""},"class_list":["post-3","page","type-page","status-publish","hentry"],"_links":{"self":[{"href":"https:\/\/enderundoner.com\/tr\/wp-json\/wp\/v2\/pages\/3","targetHints":{"allow":["GET"]}}],"collection":[{"href":"https:\/\/enderundoner.com\/tr\/wp-json\/wp\/v2\/pages"}],"about":[{"href":"https:\/\/enderundoner.com\/tr\/wp-json\/wp\/v2\/types\/page"}],"author":[{"embeddable":true,"href":"https:\/\/enderundoner.com\/tr\/wp-json\/wp\/v2\/users\/3"}],"replies":[{"embeddable":true,"href":"https:\/\/enderundoner.com\/tr\/wp-json\/wp\/v2\/comments?post=3"}],"version-history":[{"count":0,"href":"https:\/\/enderundoner.com\/tr\/wp-json\/wp\/v2\/pages\/3\/revisions"}],"wp:attachment":[{"href":"https:\/\/enderundoner.com\/tr\/wp-json\/wp\/v2\/media?parent=3"}],"curies":[{"name":"wp","href":"https:\/\/api.w.org\/{rel}","templated":true}]}}