{"id":2708,"date":"2023-01-21T14:25:42","date_gmt":"2023-01-21T14:25:42","guid":{"rendered":"https:\/\/enderundoner.com\/?post_type=product&#038;p=2708"},"modified":"2024-10-07T05:46:35","modified_gmt":"2024-10-07T05:46:35","slug":"pasha-mix-doner","status":"publish","type":"product","link":"https:\/\/enderundoner.com\/tr\/product\/pasha-mix-doner\/","title":{"rendered":"Pa\u015fa Miks D\u00f6ner (Beyaz Sos)"},"content":{"rendered":"<p>Pa\u015fa kar\u0131\u015f\u0131m\u0131 d\u00f6ner<br \/>\n30% Dana eti ve 70% Hindi eti i\u00e7erir<br \/>\nA\u011f\u0131rl\u0131k: 10 - 60 kg<br \/>\nKullanmak i\u00e7in: \u00fcretimden sonra 12 aya kadar<\/p>","protected":false},"excerpt":{"rendered":"<p>D\u00f6ner Kebab\u0131m\u0131z\u0131n enfes lezzetleri kar\u015f\u0131s\u0131nda \u015fa\u015f\u0131r\u0131n! D\u00f6ner \u00fcr\u00fcnlerinin kalitesinin ne kadar \u00f6nemli oldu\u011funu herkesten daha iyi biliyoruz. Bu nedenle d\u00f6nerimiz g\u00f6nderilmeden \u00f6nce kapsaml\u0131 ve s\u0131k\u0131 bir kalite kontrol uyguluyoruz. Bizim i\u00e7in en iyi lezzet ve kaliteden daha \u00f6nemli bir \u015fey yok!<\/p>","protected":false},"featured_media":3082,"template":"","meta":[],"product_brand":[],"product_cat":[33],"product_tag":[],"class_list":{"0":"post-2708","1":"product","2":"type-product","3":"status-publish","4":"has-post-thumbnail","6":"product_cat-doner-kebab","8":"first","9":"instock","10":"taxable","11":"shipping-taxable","12":"product-type-simple"},"_links":{"self":[{"href":"https:\/\/enderundoner.com\/tr\/wp-json\/wp\/v2\/product\/2708","targetHints":{"allow":["GET"]}}],"collection":[{"href":"https:\/\/enderundoner.com\/tr\/wp-json\/wp\/v2\/product"}],"about":[{"href":"https:\/\/enderundoner.com\/tr\/wp-json\/wp\/v2\/types\/product"}],"version-history":[{"count":0,"href":"https:\/\/enderundoner.com\/tr\/wp-json\/wp\/v2\/product\/2708\/revisions"}],"wp:featuredmedia":[{"embeddable":true,"href":"https:\/\/enderundoner.com\/tr\/wp-json\/wp\/v2\/media\/3082"}],"wp:attachment":[{"href":"https:\/\/enderundoner.com\/tr\/wp-json\/wp\/v2\/media?parent=2708"}],"wp:term":[{"taxonomy":"product_brand","embeddable":true,"href":"https:\/\/enderundoner.com\/tr\/wp-json\/wp\/v2\/product_brand?post=2708"},{"taxonomy":"product_cat","embeddable":true,"href":"https:\/\/enderundoner.com\/tr\/wp-json\/wp\/v2\/product_cat?post=2708"},{"taxonomy":"product_tag","embeddable":true,"href":"https:\/\/enderundoner.com\/tr\/wp-json\/wp\/v2\/product_tag?post=2708"}],"curies":[{"name":"wp","href":"https:\/\/api.w.org\/{rel}","templated":true}]}}