{"id":2714,"date":"2023-01-21T14:36:47","date_gmt":"2023-01-21T14:36:47","guid":{"rendered":"https:\/\/enderundoner.com\/?post_type=product&#038;p=2714"},"modified":"2024-10-07T05:46:35","modified_gmt":"2024-10-07T05:46:35","slug":"lahmacun-turkse-pizza","status":"publish","type":"product","link":"https:\/\/enderundoner.com\/tr\/product\/lahmacun-turkse-pizza\/","title":{"rendered":"Lahmacun T\u00fcrk pizzas\u0131"},"content":{"rendered":"<p>Lahmacun T\u00fcrk pizzas\u0131<\/p>\n<p>70% S\u0131\u011f\u0131r k\u0131ymas\u0131 i\u00e7erir<\/p>\n<p>\u0130\u00e7indekiler: Kutu ba\u015f\u0131na 60 par\u00e7a<\/p>\n<p>Kullanmak i\u00e7in: \u00fcretimden sonra 12 aya kadar<\/p>","protected":false},"excerpt":{"rendered":"<p>T\u00fcrk pizzas\u0131, ince bir hamur taban\u0131n\u0131n \u00fczerine baharatl\u0131 k\u0131rm\u0131z\u0131 bir sos ve kuzu veya dana k\u0131ymas\u0131 eklenerek haz\u0131rlan\u0131r. Kar\u0131\u015f\u0131m baharatl\u0131 k\u0131yma, so\u011fan, taze domates, maydanoz ve baharatl\u0131 biberden olu\u015fur. Taban\u0131 pizzaya benzer, ancak \u00e7ok daha incedir ve lahmacunun \u00fczerinde peynir bulunmaz. T\u00fcrk pizzas\u0131 d\u00fcr\u00fcm gibi sar\u0131larak yenebilir veya daha k\u00fc\u00e7\u00fck par\u00e7alara b\u00f6l\u00fcnerek yemek olarak servis edilebilir. T\u00fcrk pizzalar\u0131m\u0131z g\u00fcnl\u00fck taze olarak haz\u0131rlan\u0131r ve \u00e7ok lezzetlidir! Lahmacun sipari\u015f etmek ister misiniz? O zaman bizimle ileti\u015fime ge\u00e7in.<\/p>","protected":false},"featured_media":3126,"template":"","meta":[],"product_brand":[],"product_cat":[31],"product_tag":[],"class_list":{"0":"post-2714","1":"product","2":"type-product","3":"status-publish","4":"has-post-thumbnail","6":"product_cat-brood-lahmacun","8":"first","9":"instock","10":"taxable","11":"shipping-taxable","12":"product-type-external"},"_links":{"self":[{"href":"https:\/\/enderundoner.com\/tr\/wp-json\/wp\/v2\/product\/2714","targetHints":{"allow":["GET"]}}],"collection":[{"href":"https:\/\/enderundoner.com\/tr\/wp-json\/wp\/v2\/product"}],"about":[{"href":"https:\/\/enderundoner.com\/tr\/wp-json\/wp\/v2\/types\/product"}],"version-history":[{"count":0,"href":"https:\/\/enderundoner.com\/tr\/wp-json\/wp\/v2\/product\/2714\/revisions"}],"wp:featuredmedia":[{"embeddable":true,"href":"https:\/\/enderundoner.com\/tr\/wp-json\/wp\/v2\/media\/3126"}],"wp:attachment":[{"href":"https:\/\/enderundoner.com\/tr\/wp-json\/wp\/v2\/media?parent=2714"}],"wp:term":[{"taxonomy":"product_brand","embeddable":true,"href":"https:\/\/enderundoner.com\/tr\/wp-json\/wp\/v2\/product_brand?post=2714"},{"taxonomy":"product_cat","embeddable":true,"href":"https:\/\/enderundoner.com\/tr\/wp-json\/wp\/v2\/product_cat?post=2714"},{"taxonomy":"product_tag","embeddable":true,"href":"https:\/\/enderundoner.com\/tr\/wp-json\/wp\/v2\/product_tag?post=2714"}],"curies":[{"name":"wp","href":"https:\/\/api.w.org\/{rel}","templated":true}]}}