{"id":3130,"date":"2023-02-21T06:04:58","date_gmt":"2023-02-21T06:04:58","guid":{"rendered":"https:\/\/enderundoner.com\/?post_type=product&#038;p=3130"},"modified":"2024-10-07T05:46:34","modified_gmt":"2024-10-07T05:46:34","slug":"potis-gd3-n-lpg-aardgas","status":"publish","type":"product","link":"https:\/\/enderundoner.com\/tr\/product\/potis-gd3-n-lpg-aardgas\/","title":{"rendered":"D\u00f6ner \u0131zgara POTIS GD3\/N"},"content":{"rendered":"<p>Teknik \u00f6zellikler<br \/>\nYa\u011f toplama tepsisi olmadan zemin alan\u0131 (GxD) 510 x 590 mm<br \/>\nMotorlu \u00fcnite y\u00fcksekli\u011fi 920 mm<br \/>\nYang\u0131n y\u00fczeyi (YxG) 485 x 185 mm<br \/>\nG\u00fc\u00e7 8.40kW<br \/>\nMaksimum et a\u011f\u0131rl\u0131\u011f\u0131 40 kg<br \/>\nMaksimum et y\u00fcksekli\u011fi 450 mm<br \/>\nSeramik plakal\u0131 k\u0131z\u0131l\u00f6tesi \u00e7ift br\u00fcl\u00f6r<br \/>\nSekizgen ya\u011f tepsisi ile taban alan\u0131 (GxD) 525 x 680 mm<br \/>\nStandart seri<br \/>\nG\u00fc\u00e7 \u00e7\u0131k\u0131\u015f\u0131 8,40 kW<br \/>\n\u0130ste\u011fe ba\u011fl\u0131 mente\u015feli kap\u0131lar<br \/>\nPotis\u00ae temizleme tepsileri iste\u011fe ba\u011fl\u0131<\/p>\n<p>&nbsp;<\/p>","protected":false},"excerpt":{"rendered":"<p>Technische specificaties Vloeroppervlak zonder vetopvangbak (BxD) 510 x 590 mm Apparaathoogte met motor 920 mm Brandoppervlak (HxB) 485 x 185 mm Vermogen 8.40kW Maximaal vleesgewicht 40 kg Maximale vleeshoogte 450 mm Infrarood dubbele branders met keramische platen Vloeroppervlak met achthoekige vetopvangbak (BxD) 525 x 680 mm Standaard serie Vermogen 8,40 kW Draaideuren optioneel Potis \u00ae [&hellip;]<\/p>\n","protected":false},"featured_media":3203,"template":"","meta":[],"product_brand":[],"product_cat":[28],"product_tag":[],"class_list":{"0":"post-3130","1":"product","2":"type-product","3":"status-publish","4":"has-post-thumbnail","6":"product_cat-donergrill-gas","7":"product_shipping_class-doner-grill","9":"first","10":"instock","11":"taxable","12":"shipping-taxable","13":"purchasable","14":"product-type-simple"},"_links":{"self":[{"href":"https:\/\/enderundoner.com\/tr\/wp-json\/wp\/v2\/product\/3130","targetHints":{"allow":["GET"]}}],"collection":[{"href":"https:\/\/enderundoner.com\/tr\/wp-json\/wp\/v2\/product"}],"about":[{"href":"https:\/\/enderundoner.com\/tr\/wp-json\/wp\/v2\/types\/product"}],"version-history":[{"count":0,"href":"https:\/\/enderundoner.com\/tr\/wp-json\/wp\/v2\/product\/3130\/revisions"}],"wp:featuredmedia":[{"embeddable":true,"href":"https:\/\/enderundoner.com\/tr\/wp-json\/wp\/v2\/media\/3203"}],"wp:attachment":[{"href":"https:\/\/enderundoner.com\/tr\/wp-json\/wp\/v2\/media?parent=3130"}],"wp:term":[{"taxonomy":"product_brand","embeddable":true,"href":"https:\/\/enderundoner.com\/tr\/wp-json\/wp\/v2\/product_brand?post=3130"},{"taxonomy":"product_cat","embeddable":true,"href":"https:\/\/enderundoner.com\/tr\/wp-json\/wp\/v2\/product_cat?post=3130"},{"taxonomy":"product_tag","embeddable":true,"href":"https:\/\/enderundoner.com\/tr\/wp-json\/wp\/v2\/product_tag?post=3130"}],"curies":[{"name":"wp","href":"https:\/\/api.w.org\/{rel}","templated":true}]}}