{"id":3136,"date":"2023-02-21T06:20:27","date_gmt":"2023-02-21T06:20:27","guid":{"rendered":"https:\/\/enderundoner.com\/?post_type=product&#038;p=3136"},"modified":"2024-10-07T05:46:34","modified_gmt":"2024-10-07T05:46:34","slug":"potis-f-e3-n","status":"publish","type":"product","link":"https:\/\/enderundoner.com\/tr\/product\/potis-f-e3-n\/","title":{"rendered":"D\u00f6ner \u0131zgara POT\u0130S F E3-N"},"content":{"rendered":"<p>Teknik \u00f6zellikler<br \/>\nReflekt\u00f6r y\u00fczeyi (seramik ta\u015flar) 6<br \/>\nT\u00fcp \u0131s\u0131t\u0131c\u0131 6<br \/>\nMaksimum et a\u011f\u0131rl\u0131\u011f\u0131 50 kg<br \/>\nMaksimum et y\u00fcksekli\u011fi 700 mm<br \/>\nTaban alan\u0131 (GxD) 620 x 760 mm<br \/>\nBa\u011fl\u0131 y\u00fck 7,8 kW \/ 400 V\/230 V \/ 3\/N\/PE\/ ~50Hz<br \/>\nF Serisi<br \/>\nBirim y\u00fcksekli\u011fi 1040 mm<br \/>\nG\u00fc\u00e7 \u00e7\u0131k\u0131\u015f\u0131 7,8 kW<br \/>\n\u0130ste\u011fe ba\u011fl\u0131 mente\u015feli kap\u0131lar<\/p>\n<p>&nbsp;<\/p>","protected":false},"excerpt":{"rendered":"<p>Paslanmaz \u00e7elik versiyon<\/p>","protected":false},"featured_media":4113,"template":"","meta":[],"product_brand":[],"product_cat":[51],"product_tag":[],"class_list":{"0":"post-3136","1":"product","2":"type-product","3":"status-publish","4":"has-post-thumbnail","6":"product_cat-donergrill-elektrisch","7":"product_shipping_class-doner-grill","9":"first","10":"instock","11":"taxable","12":"shipping-taxable","13":"purchasable","14":"product-type-simple"},"_links":{"self":[{"href":"https:\/\/enderundoner.com\/tr\/wp-json\/wp\/v2\/product\/3136","targetHints":{"allow":["GET"]}}],"collection":[{"href":"https:\/\/enderundoner.com\/tr\/wp-json\/wp\/v2\/product"}],"about":[{"href":"https:\/\/enderundoner.com\/tr\/wp-json\/wp\/v2\/types\/product"}],"version-history":[{"count":0,"href":"https:\/\/enderundoner.com\/tr\/wp-json\/wp\/v2\/product\/3136\/revisions"}],"wp:featuredmedia":[{"embeddable":true,"href":"https:\/\/enderundoner.com\/tr\/wp-json\/wp\/v2\/media\/4113"}],"wp:attachment":[{"href":"https:\/\/enderundoner.com\/tr\/wp-json\/wp\/v2\/media?parent=3136"}],"wp:term":[{"taxonomy":"product_brand","embeddable":true,"href":"https:\/\/enderundoner.com\/tr\/wp-json\/wp\/v2\/product_brand?post=3136"},{"taxonomy":"product_cat","embeddable":true,"href":"https:\/\/enderundoner.com\/tr\/wp-json\/wp\/v2\/product_cat?post=3136"},{"taxonomy":"product_tag","embeddable":true,"href":"https:\/\/enderundoner.com\/tr\/wp-json\/wp\/v2\/product_tag?post=3136"}],"curies":[{"name":"wp","href":"https:\/\/api.w.org\/{rel}","templated":true}]}}