{"id":3152,"date":"2023-02-21T07:03:34","date_gmt":"2023-02-21T07:03:34","guid":{"rendered":"https:\/\/enderundoner.com\/?post_type=product&#038;p=3152"},"modified":"2024-10-07T05:46:33","modified_gmt":"2024-10-07T05:46:33","slug":"tandir-mes-100-op-batterijen","status":"publish","type":"product","link":"https:\/\/enderundoner.com\/tr\/product\/tandir-mes-100-op-batterijen\/","title":{"rendered":"Pille \u00e7al\u0131\u015fan elektrikli don\u00f6r b\u0131\u00e7a\u011f\u0131 Tandir100"},"content":{"rendered":"<p><strong>A\u00e7\u0131klama:<\/strong><\/p>\n<p>Tandir B\u0131\u00e7ak 100, 10 cm b\u0131\u00e7ak \u00e7ap\u0131 ve 14,4 V pil ile<br \/>\nPil kapasitesi 15-20 kg et<br \/>\nAyarlanabilir kesme derinli\u011fi 0 ila 10 mm<br \/>\nG\u00fcnl\u00fck kapasite: 80 kg<br \/>\nCE onayl\u0131<\/p>\n<p><strong>Teslimat dahildir:<\/strong><\/p>\n<p>Tand\u0131r b\u0131\u00e7a\u011f\u0131 100<br \/>\n\u0130ki batarya<br \/>\nAk\u00fc \u015farj cihaz\u0131<br \/>\nYuvarlak b\u0131\u00e7ak (d\u00fcz)<br \/>\nYuvarlak b\u0131\u00e7ak (t\u0131rt\u0131kl\u0131)<br \/>\nTa\u015flama blo\u011fu<br \/>\nYedek b\u0131\u00e7ak vidas\u0131<br \/>\nYedek kayd\u0131r\u0131c\u0131<br \/>\nAyr\u0131nt\u0131l\u0131 kullan\u0131m talimatlar\u0131<br \/>\nTeslimat kiti a\u011f\u0131rl\u0131\u011f\u0131: 3,2 kg<\/p>","protected":false},"excerpt":{"rendered":"<p>D\u00f6ner forvet i\u00e7in 20 kg'a kadar uygundur<\/p>","protected":false},"featured_media":3153,"template":"","meta":[],"product_brand":[],"product_cat":[45],"product_tag":[],"class_list":{"0":"post-3152","1":"product","2":"type-product","3":"status-publish","4":"has-post-thumbnail","6":"product_cat-donermes-elektrisch","7":"product_shipping_class-donermes-verzendkosten","9":"first","10":"instock","11":"taxable","12":"shipping-taxable","13":"purchasable","14":"product-type-simple"},"_links":{"self":[{"href":"https:\/\/enderundoner.com\/tr\/wp-json\/wp\/v2\/product\/3152","targetHints":{"allow":["GET"]}}],"collection":[{"href":"https:\/\/enderundoner.com\/tr\/wp-json\/wp\/v2\/product"}],"about":[{"href":"https:\/\/enderundoner.com\/tr\/wp-json\/wp\/v2\/types\/product"}],"version-history":[{"count":0,"href":"https:\/\/enderundoner.com\/tr\/wp-json\/wp\/v2\/product\/3152\/revisions"}],"wp:featuredmedia":[{"embeddable":true,"href":"https:\/\/enderundoner.com\/tr\/wp-json\/wp\/v2\/media\/3153"}],"wp:attachment":[{"href":"https:\/\/enderundoner.com\/tr\/wp-json\/wp\/v2\/media?parent=3152"}],"wp:term":[{"taxonomy":"product_brand","embeddable":true,"href":"https:\/\/enderundoner.com\/tr\/wp-json\/wp\/v2\/product_brand?post=3152"},{"taxonomy":"product_cat","embeddable":true,"href":"https:\/\/enderundoner.com\/tr\/wp-json\/wp\/v2\/product_cat?post=3152"},{"taxonomy":"product_tag","embeddable":true,"href":"https:\/\/enderundoner.com\/tr\/wp-json\/wp\/v2\/product_tag?post=3152"}],"curies":[{"name":"wp","href":"https:\/\/api.w.org\/{rel}","templated":true}]}}