{"id":3916,"date":"2023-03-18T14:55:39","date_gmt":"2023-03-18T14:55:39","guid":{"rendered":"https:\/\/enderundoner.com\/?post_type=product&#038;p=3916"},"modified":"2024-10-07T05:46:33","modified_gmt":"2024-10-07T05:46:33","slug":"potis-f-gd4-n-gas-aardgas","status":"publish","type":"product","link":"https:\/\/enderundoner.com\/tr\/product\/potis-f-gd4-n-gas-aardgas\/","title":{"rendered":"D\u00f6ner \u0131zgara POTIS F GD4\/N"},"content":{"rendered":"<p>Teknik \u00f6zellikler<br \/>\nPerformans 11.20kW<br \/>\nMaksimum et a\u011f\u0131rl\u0131\u011f\u0131 70kg<br \/>\nYang\u0131n odas\u0131 (YxG) 645x185mm<br \/>\nMaksimum et y\u00fcksekli\u011fi 630mm<br \/>\nSeramik plakal\u0131 k\u0131z\u0131l\u00f6tesi \u00e7ift br\u00fcl\u00f6r<br \/>\nTaban alan\u0131 (GxD) 620x760mm<br \/>\nF serisi<br \/>\ncihaz y\u00fcksekli\u011fi 1040mm<br \/>\nHizmetler 11.20kW<br \/>\n\u0130ste\u011fe ba\u011fl\u0131 mente\u015feli kap\u0131lar<br \/>\nPotis\u00ae temizleme tepsileri iste\u011fe ba\u011fl\u0131<\/p>","protected":false},"excerpt":{"rendered":"<p>Paslanmaz \u00e7elik versiyon<\/p>","protected":false},"featured_media":3917,"template":"","meta":[],"product_brand":[],"product_cat":[28],"product_tag":[],"class_list":{"0":"post-3916","1":"product","2":"type-product","3":"status-publish","4":"has-post-thumbnail","6":"product_cat-donergrill-gas","7":"product_shipping_class-doner-grill","9":"first","10":"instock","11":"taxable","12":"shipping-taxable","13":"purchasable","14":"product-type-simple"},"_links":{"self":[{"href":"https:\/\/enderundoner.com\/tr\/wp-json\/wp\/v2\/product\/3916","targetHints":{"allow":["GET"]}}],"collection":[{"href":"https:\/\/enderundoner.com\/tr\/wp-json\/wp\/v2\/product"}],"about":[{"href":"https:\/\/enderundoner.com\/tr\/wp-json\/wp\/v2\/types\/product"}],"version-history":[{"count":0,"href":"https:\/\/enderundoner.com\/tr\/wp-json\/wp\/v2\/product\/3916\/revisions"}],"wp:featuredmedia":[{"embeddable":true,"href":"https:\/\/enderundoner.com\/tr\/wp-json\/wp\/v2\/media\/3917"}],"wp:attachment":[{"href":"https:\/\/enderundoner.com\/tr\/wp-json\/wp\/v2\/media?parent=3916"}],"wp:term":[{"taxonomy":"product_brand","embeddable":true,"href":"https:\/\/enderundoner.com\/tr\/wp-json\/wp\/v2\/product_brand?post=3916"},{"taxonomy":"product_cat","embeddable":true,"href":"https:\/\/enderundoner.com\/tr\/wp-json\/wp\/v2\/product_cat?post=3916"},{"taxonomy":"product_tag","embeddable":true,"href":"https:\/\/enderundoner.com\/tr\/wp-json\/wp\/v2\/product_tag?post=3916"}],"curies":[{"name":"wp","href":"https:\/\/api.w.org\/{rel}","templated":true}]}}