{"id":3919,"date":"2023-03-18T15:08:13","date_gmt":"2023-03-18T15:08:13","guid":{"rendered":"https:\/\/enderundoner.com\/?post_type=product&#038;p=3919"},"modified":"2024-10-07T05:46:33","modified_gmt":"2024-10-07T05:46:33","slug":"donergrill-potis-mu-ce4","status":"publish","type":"product","link":"https:\/\/enderundoner.com\/tr\/product\/donergrill-potis-mu-ce4\/","title":{"rendered":"D\u00f6ner \u0131zgara POTIS MU CE4"},"content":{"rendered":"<p>Teknik \u00f6zellikler<br \/>\nba\u011fl\u0131 y\u00fck 7,6 kW \/ 400V\/230V \/ 3\/N\/PE \/ ~50Hz<br \/>\nBa\u011fl\u0131 y\u00fck N -<br \/>\nEkli y\u00fck p -<br \/>\n\u0131s\u0131tma elemanlar\u0131 4<br \/>\nMaksimum et a\u011f\u0131rl\u0131\u011f\u0131 70kg<br \/>\nMaksimum et y\u00fcksekli\u011fi 680mm<br \/>\nReflekt\u00f6r y\u00fczeyi (G x Y) 195x680mm<br \/>\nMU serisi<br \/>\nSekizgen ya\u011f tavas\u0131 ile zemin alan\u0131 (GxD) 550x820mm<br \/>\nYa\u011f tepsisi olmadan taban alan\u0131 (GxD) 530x630mm<br \/>\ncihaz y\u00fcksekli\u011fi 995mm<br \/>\nHizmetler 7,6 kW<br \/>\n\u0130ste\u011fe ba\u011fl\u0131 mente\u015feli kap\u0131lar<\/p>","protected":false},"excerpt":{"rendered":"<p>Paslanmaz \u00e7elik versiyon<\/p>","protected":false},"featured_media":3928,"template":"","meta":[],"product_brand":[],"product_cat":[51],"product_tag":[],"class_list":{"0":"post-3919","1":"product","2":"type-product","3":"status-publish","4":"has-post-thumbnail","6":"product_cat-donergrill-elektrisch","7":"product_shipping_class-doner-grill","9":"first","10":"instock","11":"taxable","12":"shipping-taxable","13":"purchasable","14":"product-type-simple"},"_links":{"self":[{"href":"https:\/\/enderundoner.com\/tr\/wp-json\/wp\/v2\/product\/3919","targetHints":{"allow":["GET"]}}],"collection":[{"href":"https:\/\/enderundoner.com\/tr\/wp-json\/wp\/v2\/product"}],"about":[{"href":"https:\/\/enderundoner.com\/tr\/wp-json\/wp\/v2\/types\/product"}],"version-history":[{"count":0,"href":"https:\/\/enderundoner.com\/tr\/wp-json\/wp\/v2\/product\/3919\/revisions"}],"wp:featuredmedia":[{"embeddable":true,"href":"https:\/\/enderundoner.com\/tr\/wp-json\/wp\/v2\/media\/3928"}],"wp:attachment":[{"href":"https:\/\/enderundoner.com\/tr\/wp-json\/wp\/v2\/media?parent=3919"}],"wp:term":[{"taxonomy":"product_brand","embeddable":true,"href":"https:\/\/enderundoner.com\/tr\/wp-json\/wp\/v2\/product_brand?post=3919"},{"taxonomy":"product_cat","embeddable":true,"href":"https:\/\/enderundoner.com\/tr\/wp-json\/wp\/v2\/product_cat?post=3919"},{"taxonomy":"product_tag","embeddable":true,"href":"https:\/\/enderundoner.com\/tr\/wp-json\/wp\/v2\/product_tag?post=3919"}],"curies":[{"name":"wp","href":"https:\/\/api.w.org\/{rel}","templated":true}]}}